{"id":781,"date":"2021-10-07T01:24:17","date_gmt":"2021-10-07T04:24:17","guid":{"rendered":"https:\/\/nucleopaf.com.br\/?page_id=781"},"modified":"2021-10-07T01:26:52","modified_gmt":"2021-10-07T04:26:52","slug":"noticias","status":"publish","type":"page","link":"https:\/\/nucleopaf.com.br\/?page_id=781","title":{"rendered":"Not\u00edcias"},"content":{"rendered":"<ul class=\"wp-block-latest-posts__list has-dates wp-block-latest-posts\"><li><a class=\"wp-block-latest-posts__post-title\" href=\"https:\/\/nucleopaf.com.br\/?p=801\">A evolu\u00e7\u00e3o do pensamento religioso<\/a><time datetime=\"2021-10-12T11:25:40-03:00\" class=\"wp-block-latest-posts__post-date\">12 de outubro de 2021<\/time><div class=\"wp-block-latest-posts__post-full-content\"><!-- wp:media-text {\"mediaId\":802,\"mediaLink\":\"https:\/\/nucleopaf.com.br\/?attachment_id=802\",\"mediaType\":\"image\",\"verticalAlignment\":\"top\"} -->\n<div class=\"wp-block-media-text alignwide is-stacked-on-mobile is-vertically-aligned-top\"><figure class=\"wp-block-media-text__media\"><img loading=\"lazy\" decoding=\"async\" width=\"1024\" height=\"595\" src=\"https:\/\/nucleopaf.com.br\/wp-content\/uploads\/2021\/10\/20211020-live-com-o-toninho-1024x595.jpeg\" alt=\"\" class=\"wp-image-802 size-full\" srcset=\"https:\/\/nucleopaf.com.br\/wp-content\/uploads\/2021\/10\/20211020-live-com-o-toninho-1024x595.jpeg 1024w, https:\/\/nucleopaf.com.br\/wp-content\/uploads\/2021\/10\/20211020-live-com-o-toninho-300x174.jpeg 300w, https:\/\/nucleopaf.com.br\/wp-content\/uploads\/2021\/10\/20211020-live-com-o-toninho-768x447.jpeg 768w, https:\/\/nucleopaf.com.br\/wp-content\/uploads\/2021\/10\/20211020-live-com-o-toninho.jpeg 1197w\" sizes=\"auto, (max-width: 1024px) 100vw, 1024px\" \/><\/figure><div class=\"wp-block-media-text__content\"><!-- wp:paragraph {\"placeholder\":\"Conte\u00fado...\"} -->\n<p>Fique de olho, pois dia 20\/out\/2021 \u00e0s 20h teremos uma live com o Ant\u00f4nio Tavares sobre a Evolu\u00e7\u00e3o do pensamento religioso.<\/p>\n<!-- \/wp:paragraph -->\n\n<!-- wp:paragraph -->\n<p><a href=\"https:\/\/teams.microsoft.com\/l\/meetup-join\/19%3ameeting_NTkzMmM2YmYtZjcyZi00MDc0LWJjOWMtYmJjY2Y3ZmVjYTNj%40thread.v2\/0?context=%7b%22Tid%22%3a%22cd9c8d74-93f2-4d63-8b7d-cdaf64d6b58b%22%2c%22Oid%22%3a%22293331a4-9aa7-4481-8eca-baa938dd9ad1%22%7d\" data-type=\"URL\" data-id=\"https:\/\/teams.microsoft.com\/l\/meetup-join\/19%3ameeting_NTkzMmM2YmYtZjcyZi00MDc0LWJjOWMtYmJjY2Y3ZmVjYTNj%40thread.v2\/0?context=%7b%22Tid%22%3a%22cd9c8d74-93f2-4d63-8b7d-cdaf64d6b58b%22%2c%22Oid%22%3a%22293331a4-9aa7-4481-8eca-baa938dd9ad1%22%7d\" target=\"_blank\" rel=\"noreferrer noopener\">Acesse este link na data e hora do evento para participar<\/a>.<\/p>\n<!-- \/wp:paragraph -->\n\n<!-- wp:paragraph {\"placeholder\":\"Conte\u00fado...\"} -->\n<p>Caso queira ser lembrado, deixe aqui o n\u00famero do seu celular que enviaremos o link por Whatsapp para todos os interessados minutos antes do in\u00edcio da live:<\/p>\n<!-- \/wp:paragraph -->\n\n<!-- wp:wpforms\/form-selector {\"formId\":\"804\"} \/--><\/div><\/div>\n<!-- \/wp:media-text -->\n\n<!-- wp:paragraph -->\n<p><\/p>\n<!-- \/wp:paragraph --><\/div><\/li>\n<\/ul>\n\n\n<p class=\"has-small-font-size\"><strong>Leia as not\u00edcias anteriores:<\/strong><\/p>\n\n\n<ul class=\"wp-block-latest-posts__list has-dates wp-block-latest-posts\"><li><a class=\"wp-block-latest-posts__post-title\" href=\"https:\/\/nucleopaf.com.br\/?p=801\">A evolu\u00e7\u00e3o do pensamento religioso<\/a><time datetime=\"2021-10-12T11:25:40-03:00\" class=\"wp-block-latest-posts__post-date\">12 de outubro de 2021<\/time><\/li>\n<li><a class=\"wp-block-latest-posts__post-title\" href=\"https:\/\/nucleopaf.com.br\/?p=787\">Publicamos nossa Pol\u00edtica de privacidade.<\/a><time datetime=\"2021-10-07T01:32:20-03:00\" class=\"wp-block-latest-posts__post-date\">7 de outubro de 2021<\/time><\/li>\n<\/ul>","protected":false},"excerpt":{"rendered":"<p>Leia as not\u00edcias anteriores:<\/p>\n","protected":false},"author":1,"featured_media":0,"parent":0,"menu_order":0,"comment_status":"closed","ping_status":"closed","template":"","meta":{"footnotes":""},"class_list":["post-781","page","type-page","status-publish","hentry"],"_links":{"self":[{"href":"https:\/\/nucleopaf.com.br\/index.php?rest_route=\/wp\/v2\/pages\/781","targetHints":{"allow":["GET"]}}],"collection":[{"href":"https:\/\/nucleopaf.com.br\/index.php?rest_route=\/wp\/v2\/pages"}],"about":[{"href":"https:\/\/nucleopaf.com.br\/index.php?rest_route=\/wp\/v2\/types\/page"}],"author":[{"embeddable":true,"href":"https:\/\/nucleopaf.com.br\/index.php?rest_route=\/wp\/v2\/users\/1"}],"replies":[{"embeddable":true,"href":"https:\/\/nucleopaf.com.br\/index.php?rest_route=%2Fwp%2Fv2%2Fcomments&post=781"}],"version-history":[{"count":3,"href":"https:\/\/nucleopaf.com.br\/index.php?rest_route=\/wp\/v2\/pages\/781\/revisions"}],"predecessor-version":[{"id":784,"href":"https:\/\/nucleopaf.com.br\/index.php?rest_route=\/wp\/v2\/pages\/781\/revisions\/784"}],"wp:attachment":[{"href":"https:\/\/nucleopaf.com.br\/index.php?rest_route=%2Fwp%2Fv2%2Fmedia&parent=781"}],"curies":[{"name":"wp","href":"https:\/\/api.w.org\/{rel}","templated":true}]}}