{"id":76,"date":"2021-09-21T16:03:58","date_gmt":"2021-09-21T19:03:58","guid":{"rendered":"http:\/\/nucleopaf.com.br\/?page_id=76"},"modified":"2021-09-29T00:39:59","modified_gmt":"2021-09-29T03:39:59","slug":"atividades","status":"publish","type":"page","link":"https:\/\/nucleopaf.com.br\/?page_id=76","title":{"rendered":"Atividades"},"content":{"rendered":"\n<p>As casas de caridade, notadamente as de natureza esp\u00edrita, t\u00eam como um dos prop\u00f3sitos prestarem servi\u00e7os que venham de encontro \u00e0 assist\u00eancia social, com foco \u00e0s pessoas ou fam\u00edlias que apresentam algum grau de vulnerabilidade.<\/p>\n\n\n\n<p>Assim, as casas PAF estruturaram departamentos que visam suprir tais necessidades. Nessas condi\u00e7\u00f5es, seguem abaixo as rotinas espec\u00edficas desses departamentos:<\/p>\n\n\n\n<hr class=\"wp-block-separator\"\/>\n\n\n\n<p><strong>Apoio aos alco\u00f3licos e outras depend\u00eancias qu\u00edmicas<\/strong><\/p>\n\n\n\n<p>Em associa\u00e7\u00e3o com o Instituto Fraternal de Laborterapia (IFL), uma institui\u00e7\u00e3o voltada para a assist\u00eancia e orienta\u00e7\u00e3o a alco\u00f3latras, dependentes qu\u00edmicos e seus familiares, o N\u00facleo PAF oferece seu espa\u00e7o para a realiza\u00e7\u00e3o de reuni\u00f5es todas as quartas-feiras das 17h \u00e0s 19h30, para atender esse p\u00fablico-alvo e criar mais um espa\u00e7o em favor da fraternidade.<\/p>\n\n\n\n<hr class=\"wp-block-separator\"\/>\n\n\n\n<p><strong>Cesta b\u00e1sica<\/strong><\/p>\n\n\n\n<p>\u00c9 um projeto de cunho social de responsabilidade dos trabalhadores e supervisionado pela Diretoria Social do N\u00facleo PAF e administrado por um coordenador, trabalhador da Casa. O objetivo \u00e9 fornecer uma cesta de alimentos, gratuitamente, para fam\u00edlias carentes, devidamente cadastradas. Os alimentos contidos na cesta b\u00e1sica s\u00e3o doados pelos trabalhadores da Casa, incluindo-se os alunos de terceiro ano, n\u00e3o criando \u00f3bices para outras doa\u00e7\u00f5es, desde que sejam gestos espont\u00e2neos dos doadores. \u00c9 composta, no m\u00ednimo, de 10 kg de arroz e 3 kg de feij\u00e3o, podendo ser acrescida de outros pertences, de conformidade com as doa\u00e7\u00f5es recebidas.<\/p>\n\n\n\n<hr class=\"wp-block-separator\"\/>\n\n\n\n<p class=\"has-normal-font-size\"><strong>Evangeliza\u00e7\u00e3o infantil<\/strong><\/p>\n\n\n\n<p>Crian\u00e7as na faixa et\u00e1ria de 4 a 10 anos constituem o p\u00fablico alvo da Evangeliza\u00e7\u00e3o Infantil e tem como compromisso<br>lev\u00e1-las a entender os ensinamentos de Jesus, bem como conhecer a sua hist\u00f3ria, segundo os textos contidos no Novo Testamento. O curso da Evangeliza\u00e7\u00e3o Infantil tem in\u00edcio concomitante com a abertura das aulas oficiais do Ensino Fundamental da Secretaria de Educa\u00e7\u00e3o do Estado de S\u00e3o Paulo, aos s\u00e1bados, das 9h \u00e0s 11h.<\/p>\n\n\n\n<hr class=\"wp-block-separator\"\/>\n\n\n\n<p><strong>Pr\u00e9-mocidade esp\u00edrita<\/strong><\/p>\n\n\n\n<p>os jovens que est\u00e3o na faixa et\u00e1ria de 11 a 14 anos constituem o p\u00fablico alvo da Pr\u00e9-mocidade Esp\u00edrita. Este<br>curso tem como objetivo levar conhecimentos dos ensinamentos de Jesus e da Doutrina Esp\u00edrita, compatibilizando o n\u00edvel dos ensinamentos com essa faixa de idade. Como esses jovens j\u00e1 t\u00eam capacidade reflexiva, os temas<br>abordados em sala de aula devem buscar o aprofundamento do cunho moral, no empenho constante da forma\u00e7\u00e3o de homens de bem. Da mesma forma, o curso da Pr\u00e9-mocidade Esp\u00edrita tem in\u00edcio concomitante com a abertura das aulas oficiais do Ensino Fundamental da Secretaria de Educa\u00e7\u00e3o do Estado de S\u00e3o Paulo, aos s\u00e1bados, da 9h \u00e0s<br>11h.<\/p>\n\n\n\n<hr class=\"wp-block-separator\"\/>\n\n\n\n<p><strong>Mocidade esp\u00edrita<\/strong><\/p>\n\n\n\n<p>o seu p\u00fablico alvo abrange os jovens dentro da faixa et\u00e1ria de 15 a 20 anos de idade. Este curso tem como objetivo<br>levar conhecimentos dos ensinamentos de Jesus e da Doutrina Esp\u00edrita, bem como temas correlatos que venham a ampliar a compreens\u00e3o das Leis Divinas e dos ensinamentos dos Esp\u00edritos Superiores. Tendo em vista<br>a capacidade reflexiva de tais jovens, os assuntos abordados devem estar compat\u00edveis com o n\u00edvel mental desses jovens. Da mesma forma, o curso da Mocidade Esp\u00edrita tem in\u00edcio concomitante com a abertura das aulas oficiais do Ensino Fundamental da Secretaria de Educa\u00e7\u00e3o do Estado de S\u00e3o Paulo, aos domingos, das 10h \u00e0s<br>11h30.<\/p>\n\n\n\n<hr class=\"wp-block-separator\"\/>\n\n\n\n<p><strong>Grupo samaritanos<\/strong><\/p>\n\n\n\n<p>O Grupo de Samaritanos tem por objetivo prestar assist\u00eancia espiritual atrav\u00e9s do Evangelho de Jesus e da transmiss\u00e3o energ\u00e9tica (passe) ao solicitante impossibilitado de comparecer ao N\u00facleo.<\/p>\n\n\n\n<hr class=\"wp-block-separator\"\/>\n\n\n\n<p><strong>Projeto vida<\/strong><\/p>\n\n\n\n<p>\u00c9 um projeto de cunho social, promovido pela Diretoria Social do N\u00facleo PAF e administrado por um coordenador, trabalhador da Casa. Este Projeto tem como objetivo o fornecimento gratuito de enxovais para beb\u00eas de gestantes carentes, bem como proporcionar, quando poss\u00edvel, orienta\u00e7\u00f5es psicol\u00f3gicas ou m\u00e9dicas, por profissional habilitado.<\/p>\n\n\n\n<hr class=\"wp-block-separator\"\/>\n","protected":false},"excerpt":{"rendered":"<p>As casas de caridade, notadamente as de natureza esp\u00edrita, t\u00eam como um dos prop\u00f3sitos prestarem servi\u00e7os que venham de encontro \u00e0 assist\u00eancia social, com foco&hellip;<\/p>\n","protected":false},"author":1,"featured_media":0,"parent":0,"menu_order":0,"comment_status":"closed","ping_status":"closed","template":"","meta":{"footnotes":""},"class_list":["post-76","page","type-page","status-publish","hentry"],"_links":{"self":[{"href":"https:\/\/nucleopaf.com.br\/index.php?rest_route=\/wp\/v2\/pages\/76","targetHints":{"allow":["GET"]}}],"collection":[{"href":"https:\/\/nucleopaf.com.br\/index.php?rest_route=\/wp\/v2\/pages"}],"about":[{"href":"https:\/\/nucleopaf.com.br\/index.php?rest_route=\/wp\/v2\/types\/page"}],"author":[{"embeddable":true,"href":"https:\/\/nucleopaf.com.br\/index.php?rest_route=\/wp\/v2\/users\/1"}],"replies":[{"embeddable":true,"href":"https:\/\/nucleopaf.com.br\/index.php?rest_route=%2Fwp%2Fv2%2Fcomments&post=76"}],"version-history":[{"count":14,"href":"https:\/\/nucleopaf.com.br\/index.php?rest_route=\/wp\/v2\/pages\/76\/revisions"}],"predecessor-version":[{"id":610,"href":"https:\/\/nucleopaf.com.br\/index.php?rest_route=\/wp\/v2\/pages\/76\/revisions\/610"}],"wp:attachment":[{"href":"https:\/\/nucleopaf.com.br\/index.php?rest_route=%2Fwp%2Fv2%2Fmedia&parent=76"}],"curies":[{"name":"wp","href":"https:\/\/api.w.org\/{rel}","templated":true}]}}