{"id":68,"date":"2021-09-21T16:00:21","date_gmt":"2021-09-21T19:00:21","guid":{"rendered":"http:\/\/nucleopaf.com.br\/?page_id=68"},"modified":"2021-09-29T00:44:09","modified_gmt":"2021-09-29T03:44:09","slug":"livros-da-codificacao","status":"publish","type":"page","link":"https:\/\/nucleopaf.com.br\/?page_id=68","title":{"rendered":"Obras de Allan Kardec"},"content":{"rendered":"\n<div class=\"wp-block-columns is-layout-flex wp-container-core-columns-is-layout-9d6595d7 wp-block-columns-is-layout-flex\">\n<div class=\"wp-block-column is-layout-flow wp-block-column-is-layout-flow\" style=\"flex-basis:33.33%\">\n<figure class=\"wp-block-image is-resized is-style-default\"><a href=\"https:\/\/www.febnet.org.br\/wp-content\/uploads\/2012\/07\/WEB-Livro-dos-Esp%C3%ADritos-Guillon-1.pdf\" target=\"_blank\" rel=\"noopener\"><img loading=\"lazy\" decoding=\"async\" src=\"https:\/\/nucleopaf.com.br\/wp-content\/uploads\/2021\/09\/Olivro_espiritos1_175x240.jpg\" alt=\"\" class=\"wp-image-244\" width=\"131\" height=\"180\"\/><\/a><figcaption>&#8220;O Livro dos Esp\u00edritos&#8221;<\/figcaption><\/figure>\n<\/div>\n\n\n\n<div class=\"wp-block-column is-layout-flow wp-block-column-is-layout-flow\" style=\"flex-basis:66.66%\">\n<p>Dos cinco livros fundamentais que comp\u00f5em a Codifica\u00e7\u00e3o do Espiritismo, este foi o primeiro, reunindo os ensinos dos Esp\u00edritos Superiores atrav\u00e9s de m\u00e9diuns de v\u00e1rias partes do Mundo. Ele \u00e9 o marco inicial de uma Doutrina que trouxe uma profunda repercuss\u00e3o no pensamento e na vis\u00e3o de vida de consider\u00e1vel parcela da Humanidade, desde 1857, data da primeira edi\u00e7\u00e3o francesa. Estruturado em quatro partes e contendo 1.019 perguntas formuladas pelo Codificador, aborda os ensinamentos esp\u00edritas, de uma forma l\u00f3gica e racional, sob os aspectos cient\u00edfico, filos\u00f3fico e religioso. Independentemente de cren\u00e7a ou convic\u00e7\u00e3o religiosa, a leitura de \u201cO Livro dos Esp\u00edritos\u201d ser\u00e1 de imenso valor para todos, porque trata de Deus, da imortalidade da alma, da natureza dos Esp\u00edritos, de suas rela\u00e7\u00f5es com os homens, das leis morais, da vida presente, da vida futura e do porvir da Humanidade, assuntos de interesse geral e de grande atualidade.<\/p>\n\n\n\n<p class=\"has-small-font-size\"><a href=\"https:\/\/www.febnet.org.br\/wp-content\/uploads\/2012\/07\/WEB-Livro-dos-Esp%C3%ADritos-Guillon-1.pdf\" data-type=\"URL\" data-id=\"https:\/\/www.febnet.org.br\/wp-content\/uploads\/2012\/07\/WEB-Livro-dos-Esp%C3%ADritos-Guillon-1.pdf\">Clique aqui e baixe &#8220;O Livro dos Esp\u00edritos&#8221;.<\/a><\/p>\n<\/div>\n<\/div>\n\n\n\n<hr class=\"wp-block-separator aligncenter has-text-color has-background\" style=\"background-color:#e0e3e5;color:#e0e3e5\"\/>\n\n\n\n<div class=\"wp-block-columns is-layout-flex wp-container-core-columns-is-layout-9d6595d7 wp-block-columns-is-layout-flex\">\n<div class=\"wp-block-column is-layout-flow wp-block-column-is-layout-flow\" style=\"flex-basis:33.33%\">\n<figure class=\"wp-block-image size-full is-resized is-style-default\"><a href=\"https:\/\/www.febnet.org.br\/wp-content\/uploads\/2012\/07\/WEB-Livro-dos-Mediuns-Guillon-1.pdf\"><img loading=\"lazy\" decoding=\"async\" src=\"https:\/\/nucleopaf.com.br\/wp-content\/uploads\/2021\/09\/O_livro_dos_mediuns_176x240.jpg\" alt=\"\" class=\"wp-image-240\" width=\"132\" height=\"180\"\/><\/a><figcaption>&#8220;O Livro dos M\u00e9diuns&#8221;<\/figcaption><\/figure>\n<\/div>\n\n\n\n<div class=\"wp-block-column is-layout-flow wp-block-column-is-layout-flow\" style=\"flex-basis:66.66%\">\n<p>\u201cO Livro dos M\u00e9diuns\u201d \u00e9 uma das cinco obras que constituem a Codifica\u00e7\u00e3o da Doutrina Esp\u00edrita. Re\u00fane \u201co ensino especial dos Esp\u00edritos sobre a teoria de todos os g\u00eaneros de manifesta\u00e7\u00f5es, os meios de comunica\u00e7\u00e3o com o mundo invis\u00edvel, o desenvolvimento da mediunidade, as dificuldades e os trope\u00e7os que se podem encontrar na pr\u00e1tica do Espiritismo\u201d. Apresenta ainda, na parte final, precioso vocabul\u00e1rio b\u00e1sico esp\u00edrita. De leitura e consulta indispens\u00e1vel para os esp\u00edritas, ser\u00e1 sempre uma preciosa fonte de conhecimento tamb\u00e9m para qualquer pessoa indagadora e atenta ao fen\u00f4meno medi\u00fanico, que se manifesta crescentemente no mundo inteiro, dentro ou fora das atividades esp\u00edritas. Sendo os homens parte integrante do interc\u00e2mbio entre os dois planos da vida o material e o espiritual, o melhor \u00e9 que conhe\u00e7amos, e bem, os mecanismos desse relacionamento. \u201cO Livro dos M\u00e9diuns\u201d \u00e9 o manual mais seguro para todos os que se dedicam \u00e0s atividades de comunica\u00e7\u00e3o com o Mundo Espiritual.<\/p>\n\n\n\n<p class=\"has-small-font-size\"><a href=\"https:\/\/www.febnet.org.br\/wp-content\/uploads\/2012\/07\/WEB-Livro-dos-Mediuns-Guillon-1.pdf\" data-type=\"URL\" data-id=\"https:\/\/www.febnet.org.br\/wp-content\/uploads\/2012\/07\/WEB-Livro-dos-Mediuns-Guillon-1.pdf\">Clique aqui e baixe &#8220;O Livro dos M\u00e9diuns&#8221;.<\/a><\/p>\n<\/div>\n<\/div>\n\n\n\n<hr class=\"wp-block-separator aligncenter has-text-color has-background\" style=\"background-color:#e0e3e5;color:#e0e3e5\"\/>\n\n\n\n<div class=\"wp-block-columns is-layout-flex wp-container-core-columns-is-layout-9d6595d7 wp-block-columns-is-layout-flex\">\n<div class=\"wp-block-column is-layout-flow wp-block-column-is-layout-flow\" style=\"flex-basis:33.33%\">\n<figure class=\"wp-block-image size-full is-resized is-style-default\"><a href=\"https:\/\/www.febnet.org.br\/wp-content\/uploads\/2012\/07\/WEB-O-Evangelho-segundo-o-Espiritismo-Guillon.pdf\"><img loading=\"lazy\" decoding=\"async\" src=\"https:\/\/nucleopaf.com.br\/wp-content\/uploads\/2021\/09\/Oevangelio_segundo_o_espiritismo_171x240.jpg\" alt=\"\" class=\"wp-image-243\" width=\"128\" height=\"180\"\/><\/a><figcaption>&#8220;O Evangelho Segundo o Espiritismo&#8221;<\/figcaption><\/figure>\n<\/div>\n\n\n\n<div class=\"wp-block-column is-layout-flow wp-block-column-is-layout-flow\" style=\"flex-basis:66.66%\">\n<p>\u201cO Evangelho segundo o Espiritismo\u201d \u00e9 um dos cinco livros que constituem o corpo doutrin\u00e1rio do Espiritismo. \u201cO Evangelho segundo o Espiritismo\u201d \u00e9 o ensino moral do Cristo Jesus para as pessoas de qualquer cren\u00e7a, desenvolvido pelos Esp\u00edritos de Luz em comunica\u00e7\u00f5es medi\u00fanicas recolhidas, organizadas, comentadas e trazidas a p\u00fablico pelo Codificador Allan Kardec. Se o leitor \u00e9 crist\u00e3o, leia com aplica\u00e7\u00e3o o ensino moral do Mestre Jesus para a Humanidade sofredora e d\u00ea-se conta de conte\u00fados que talvez nunca antes tenha percebido, ou compreendido plenamente. Se n\u00e3o \u00e9 crist\u00e3o, mas um esp\u00edrito indagador, leia com respeito a orienta\u00e7\u00e3o desse Esp\u00edrito divino, dada h\u00e1 dois mil anos e sempre atual, em seu car\u00e1ter educativo, motivador e consolador.<\/p>\n\n\n\n<p class=\"has-small-font-size\"><a href=\"https:\/\/www.febnet.org.br\/wp-content\/uploads\/2012\/07\/WEB-O-Evangelho-segundo-o-Espiritismo-Guillon.pdf\">Clique aqui e baixe &#8220;O Evangelho Segundo o Espiritismo&#8221;.<\/a><\/p>\n<\/div>\n<\/div>\n\n\n\n<hr class=\"wp-block-separator aligncenter has-text-color has-background\" style=\"background-color:#e0e3e5;color:#e0e3e5\"\/>\n\n\n\n<div class=\"wp-block-columns is-layout-flex wp-container-core-columns-is-layout-9d6595d7 wp-block-columns-is-layout-flex\">\n<div class=\"wp-block-column is-layout-flow wp-block-column-is-layout-flow\" style=\"flex-basis:33.33%\">\n<figure class=\"wp-block-image size-full is-resized is-style-default\"><a href=\"https:\/\/www.febnet.org.br\/wp-content\/uploads\/2012\/07\/WEB-O-Ceu-e-o-inferno-Guillon.pdf\"><img loading=\"lazy\" decoding=\"async\" src=\"https:\/\/nucleopaf.com.br\/wp-content\/uploads\/2021\/09\/Oceueoinferno_179x240.jpg\" alt=\"\" class=\"wp-image-242\" width=\"134\" height=\"180\"\/><\/a><figcaption>&#8220;O C\u00e9u e o Inferno&#8221;<\/figcaption><\/figure>\n<\/div>\n\n\n\n<div class=\"wp-block-column is-layout-flow wp-block-column-is-layout-flow\" style=\"flex-basis:66.66%\">\n<p>Esta \u00e9 uma das cinco obras b\u00e1sicas que comp\u00f5em a Codifica\u00e7\u00e3o do Espiritismo. Seu principal escopo \u00e9 explicar a Justi\u00e7a de Deus \u00e0 luz da Doutrina Esp\u00edrita. Objetiva demonstrar a imortalidade do Esp\u00edrito e a condi\u00e7\u00e3o na qual estar\u00e1 no Mundo Espiritual, como consequ\u00eancia de seus pr\u00f3prios atos. Divide-se em duas partes: A primeira, estabelece um exame comparado das doutrinas religiosas sobre a vida ap\u00f3s a morte. Mostra fatos como a morte de crian\u00e7as, seres nascidos com deforma\u00e7\u00f5es, acidentes coletivos e uma gama de problemas que s\u00f3 a imortalidade da alma e a reencarna\u00e7\u00e3o explicam satisfatoriamente. Kardec procura elucidar temas como: anjos, c\u00e9u, dem\u00f4nios, inferno, penas eternas, purgat\u00f3rio, temor da morte, a proibi\u00e7\u00e3o mosaica sobre a evoca\u00e7\u00e3o dos mortos, etc. Apresenta, tamb\u00e9m, a explica\u00e7\u00e3o esp\u00edrita contr\u00e1ria \u00e0 doutrina das penas eternas. A segunda parte, resultante de um trabalho pr\u00e1tico, re\u00fane exemplos acerca da situa\u00e7\u00e3o da alma durante e ap\u00f3s a desencarna\u00e7\u00e3o. S\u00e3o depoimentos de criminosos arrependidos, de esp\u00edritos endurecidos, de esp\u00edritos felizes, medianos, sofredores, suicidas e em expia\u00e7\u00e3o terrestre. Livros da Codifica\u00e7\u00e3o Esp\u00edrita: O Livro dos Esp\u00edritos, 1857; O Livro dos M\u00e9diuns, 1861; O Evangelho segundo o Espiritismo, 1864; O C\u00e9u e o Inferno, 1865; A G\u00eanese, 1868.<\/p>\n\n\n\n<p class=\"has-small-font-size\"><a href=\"https:\/\/www.febnet.org.br\/wp-content\/uploads\/2012\/07\/WEB-O-Ceu-e-o-inferno-Guillon.pdf\">Clique aqui e baixe &#8220;O C\u00e9u e o Inferno&#8221;.<\/a><\/p>\n<\/div>\n<\/div>\n\n\n\n<hr class=\"wp-block-separator aligncenter has-text-color has-background\" style=\"background-color:#e0e3e5;color:#e0e3e5\"\/>\n\n\n\n<div class=\"wp-block-columns is-layout-flex wp-container-core-columns-is-layout-9d6595d7 wp-block-columns-is-layout-flex\">\n<div class=\"wp-block-column is-layout-flow wp-block-column-is-layout-flow\" style=\"flex-basis:33.33%\">\n<figure class=\"wp-block-image size-full is-resized is-style-default\"><a href=\"https:\/\/www.febnet.org.br\/wp-content\/uploads\/2012\/07\/WEB-A-Genese-Guillon.pdf\"><img loading=\"lazy\" decoding=\"async\" src=\"https:\/\/nucleopaf.com.br\/wp-content\/uploads\/2021\/09\/Agenese_173x240.jpg\" alt=\"\" class=\"wp-image-239\" width=\"130\" height=\"180\"\/><\/a><figcaption>&#8220;A G\u00eanese&#8221;<\/figcaption><\/figure>\n<\/div>\n\n\n\n<div class=\"wp-block-column is-layout-flow wp-block-column-is-layout-flow\" style=\"flex-basis:66.66%\">\n<p>\u00c9 uma das cinco obras b\u00e1sicas da Codifica\u00e7\u00e3o do Espiritismo. \u00c9 um livro que, conhecido e estudado, proporciona uma oportunidade excepcional de imers\u00e3o em grandes temas de interesse universal, abordados de forma l\u00f3gica, racional e reveladora. Divide-se em tr\u00eas partes: Na primeira parte, analisa a origem do planeta Terra, de forma coerente, fugindo \u00e0s interpreta\u00e7\u00f5es misteriosas e m\u00e1gicas sobre a cria\u00e7\u00e3o do mundo; Em sua segunda parte, aborda a quest\u00e3o dos milagres, explicando a natureza dos fluidos e os fatos extraordin\u00e1rios contidos no Evangelho; Na terceira parte enfoca as predi\u00e7\u00f5es do Evangelho, os sinais dos tempos e a gera\u00e7\u00e3o nova, que marcar\u00e1 um novo tempo na Terra com a pr\u00e1tica da justi\u00e7a, da paz e da fraternidade. Os assuntos apresentados nos dezoito cap\u00edtulos desta obra t\u00eam como base a imutabilidade das grandiosas Leis Divinas.<\/p>\n\n\n\n<p class=\"has-small-font-size\"><a href=\"https:\/\/www.febnet.org.br\/wp-content\/uploads\/2012\/07\/WEB-A-Genese-Guillon.pdf\">Clique aqui e baixe &#8220;A G\u00eanese&#8221;.<\/a><\/p>\n<\/div>\n<\/div>\n\n\n\n<hr class=\"wp-block-separator aligncenter has-text-color has-background\" style=\"background-color:#e0e3e5;color:#e0e3e5\"\/>\n\n\n\n<div class=\"wp-block-columns is-layout-flex wp-container-core-columns-is-layout-9d6595d7 wp-block-columns-is-layout-flex\">\n<div class=\"wp-block-column is-layout-flow wp-block-column-is-layout-flow\" style=\"flex-basis:33.33%\">\n<figure class=\"wp-block-image size-full is-resized is-style-default\"><a href=\"https:\/\/www.febnet.org.br\/wp-content\/uploads\/2012\/07\/WEB-Obras-postumas-Guillon.pdf\"><img loading=\"lazy\" decoding=\"async\" src=\"https:\/\/nucleopaf.com.br\/wp-content\/uploads\/2021\/09\/obraspostumas_159x240.jpg\" alt=\"\" class=\"wp-image-241\" width=\"119\" height=\"180\"\/><\/a><figcaption>&#8220;Obras P\u00f3stumas&#8221;<\/figcaption><\/figure>\n<\/div>\n\n\n\n<div class=\"wp-block-column is-layout-flow wp-block-column-is-layout-flow\" style=\"flex-basis:66.66%\">\n<p>Obra publicada ap\u00f3s a desencarna\u00e7\u00e3o de Allan Kardec, apresenta, no come\u00e7o, bem escrita biografia do Codificador, seguida do discurso que Camille Flammarion pronunciou quando do seu sepultamento. Reunindo importantes registros deixados por Allan Kardec, acerca de pontos doutrin\u00e1rios e fundamenta\u00e7\u00e3o do Espiritismo, divide-se este trabalho em duas grandes partes. A primeira aborda assuntos como: car\u00e1ter e consequ\u00eancias religiosas das manifesta\u00e7\u00f5es dos Esp\u00edritos; as cinco alternativas da Humanidade; quest\u00f5es e problemas; as expia\u00e7\u00f5es coletivas; liberdade, igualdade, fraternidade; m\u00fasica esp\u00edrita; a morte espiritual; a vida futura A segunda inclui apontamentos em torno da inicia\u00e7\u00e3o esp\u00edrita e o roteiro mission\u00e1rio de Kardec, assim como uma \u201cexposi\u00e7\u00e3o de motivos\u201d, apresentada na \u201cConstitui\u00e7\u00e3o do Espiritismo\u201d, como precioso legado do mestre lion\u00eas \u00e0s sociedades esp\u00edritas do futuro.<\/p>\n\n\n\n<p class=\"has-small-font-size\"><a href=\"https:\/\/www.febnet.org.br\/wp-content\/uploads\/2012\/07\/WEB-Obras-postumas-Guillon.pdf\" data-type=\"URL\" data-id=\"https:\/\/www.febnet.org.br\/wp-content\/uploads\/2012\/07\/WEB-Obras-postumas-Guillon.pdf\">Clique aqui e baixe &#8220;Obras P\u00f3stumas&#8221;.<\/a><\/p>\n<\/div>\n<\/div>\n\n\n\n<hr class=\"wp-block-separator aligncenter has-text-color has-background\" style=\"background-color:#e0e3e5;color:#e0e3e5\"\/>\n\n\n\n<div class=\"wp-block-columns is-layout-flex wp-container-core-columns-is-layout-9d6595d7 wp-block-columns-is-layout-flex\">\n<div class=\"wp-block-column is-layout-flow wp-block-column-is-layout-flow\" style=\"flex-basis:33.33%\">\n<figure class=\"wp-block-image size-full is-resized is-style-default\"><a href=\"https:\/\/www.febnet.org.br\/portal\/wp-content\/uploads\/2021\/09\/WEB-O-que-e-o-Espiritismo-Reformador.pdf\"><img loading=\"lazy\" decoding=\"async\" src=\"https:\/\/nucleopaf.com.br\/wp-content\/uploads\/2021\/09\/Oque_e_o_espiritismo.png\" alt=\"\" class=\"wp-image-245\" width=\"124\" height=\"176\" srcset=\"https:\/\/nucleopaf.com.br\/wp-content\/uploads\/2021\/09\/Oque_e_o_espiritismo.png 497w, https:\/\/nucleopaf.com.br\/wp-content\/uploads\/2021\/09\/Oque_e_o_espiritismo-211x300.png 211w\" sizes=\"auto, (max-width: 124px) 100vw, 124px\" \/><\/a><figcaption>&#8220;O que \u00e9 o espiritismo&#8221;<\/figcaption><\/figure>\n<\/div>\n\n\n\n<div class=\"wp-block-column is-layout-flow wp-block-column-is-layout-flow\" style=\"flex-basis:66.66%\">\n<p>Obra sempre atual, \u00fatil aos adeptos da Doutrina Esp\u00edrita, como tamb\u00e9m \u00e0queles que desejam conhecer a natureza do Espiritismo e a defini\u00e7\u00e3o de seus pontos fundamentais. A l\u00f3gica e o bom senso de Allan Kardec a\u00ed se evidenciam, desconcertando os negativistas e clareando as indaga\u00e7\u00f5es dos que acreditam e aspiram \u00e0 vida superior. Divide-se em 3 cap\u00edtulos: O primeiro, sob a forma de di\u00e1logos com um cr\u00edtico, um c\u00e9ptico e um padre, traz respostas \u00e0queles que desconhecem os princ\u00edpios b\u00e1sicos da Doutrina, bem como apropriadas refuta\u00e7\u00f5es aos seus contraditores. O segundo cap\u00edtulo, exp\u00f5e partes da ci\u00eancia pr\u00e1tica e experimental, caracterizando-se como um resumo de O Livro dos M\u00e9diuns. No terceiro cap\u00edtulo, \u00e9 publicado o resumo de O Livro dos Esp\u00edritos, com a solu\u00e7\u00e3o, apontada pela Doutrina Esp\u00edrita, de problemas de ordem psicol\u00f3gica, moral e filos\u00f3fica. Cont\u00e9m tamb\u00e9m a biografia de Allan Kardec, por Henri Sausse.<\/p>\n\n\n\n<p class=\"has-small-font-size\"><a href=\"https:\/\/www.febnet.org.br\/portal\/wp-content\/uploads\/2021\/09\/WEB-O-que-e-o-Espiritismo-Reformador.pdf\" data-type=\"URL\" data-id=\"https:\/\/www.febnet.org.br\/portal\/wp-content\/uploads\/2021\/09\/WEB-O-que-e-o-Espiritismo-Reformador.pdf\">Clique aqui e baixe &#8220;O que \u00e9 Espiritismo&#8221;.<\/a><\/p>\n<\/div>\n<\/div>\n\n\n\n<hr class=\"wp-block-separator aligncenter has-text-color has-background\" style=\"background-color:#e0e3e5;color:#e0e3e5\"\/>\n\n\n\n<div class=\"wp-block-columns is-layout-flex wp-container-core-columns-is-layout-9d6595d7 wp-block-columns-is-layout-flex\">\n<div class=\"wp-block-column is-layout-flow wp-block-column-is-layout-flow\" style=\"flex-basis:33.33%\">\n<figure class=\"wp-block-image size-full is-style-default\"><a href=\"http:\/\/www.febnet.org.br\/ba\/file\/Pesquisa\/indiceGeraldaRevistaEspirita.pdf\"><img loading=\"lazy\" decoding=\"async\" width=\"156\" height=\"234\" src=\"https:\/\/nucleopaf.com.br\/wp-content\/uploads\/2021\/09\/RE1.jpg\" alt=\"\" class=\"wp-image-246\"\/><\/a><figcaption>\u00cdndice da Revista Esp\u00edrita<\/figcaption><\/figure>\n<\/div>\n\n\n\n<div class=\"wp-block-column is-vertically-aligned-center is-layout-flow wp-block-column-is-layout-flow\" style=\"flex-basis:66.66%\">\n<p>Revista Esp\u00edrita \u00e9 uma reprodu\u00e7\u00e3o da francesa <em>Revue Spirite<\/em>, editada em Paris por Allan Kardec.<br><br>Para ter acesso aos exemplares, basta clicar na capa e baixar os arquivos em formato PDF.<\/p>\n<\/div>\n<\/div>\n\n\n\n<div class=\"wp-block-columns is-layout-flex wp-container-core-columns-is-layout-9d6595d7 wp-block-columns-is-layout-flex\">\n<div class=\"wp-block-column is-layout-flow wp-block-column-is-layout-flow\">\n<div class=\"wp-block-image is-style-default\"><figure class=\"alignleft size-full\"><a href=\"http:\/\/www.febnet.org.br\/ba\/file\/Downlivros\/revistaespirita\/Revista1858.pdf\"><img loading=\"lazy\" decoding=\"async\" width=\"168\" height=\"250\" src=\"https:\/\/nucleopaf.com.br\/wp-content\/uploads\/2021\/09\/RE2.jpg\" alt=\"\" class=\"wp-image-247\"\/><\/a><figcaption>Ano I &#8211; 1858<\/figcaption><\/figure><\/div>\n<\/div>\n\n\n\n<div class=\"wp-block-column is-layout-flow wp-block-column-is-layout-flow\">\n<div class=\"wp-block-image is-style-default\"><figure class=\"alignleft size-full\"><a href=\"https:\/\/www.febnet.org.br\/wp-content\/uploads\/2012\/06\/WEB-Revista-Espirita-1859.pdf\"><img loading=\"lazy\" decoding=\"async\" width=\"168\" height=\"250\" src=\"https:\/\/nucleopaf.com.br\/wp-content\/uploads\/2021\/09\/RE3.jpg\" alt=\"\" class=\"wp-image-248\"\/><\/a><figcaption>Ano II &#8211; 1859<\/figcaption><\/figure><\/div>\n<\/div>\n\n\n\n<div class=\"wp-block-column is-layout-flow wp-block-column-is-layout-flow\">\n<div class=\"wp-block-image is-style-default\"><figure class=\"alignleft size-full\"><a href=\"https:\/\/www.febnet.org.br\/wp-content\/uploads\/2012\/06\/WEB-Revista-Espirita-1860.pdf\"><img loading=\"lazy\" decoding=\"async\" width=\"168\" height=\"250\" src=\"https:\/\/nucleopaf.com.br\/wp-content\/uploads\/2021\/09\/RE4.jpg\" alt=\"\" class=\"wp-image-249\"\/><\/a><figcaption>Ano III &#8211; 1860<\/figcaption><\/figure><\/div>\n<\/div>\n<\/div>\n\n\n\n<div class=\"wp-block-columns is-layout-flex wp-container-core-columns-is-layout-9d6595d7 wp-block-columns-is-layout-flex\">\n<div class=\"wp-block-column is-layout-flow wp-block-column-is-layout-flow\">\n<figure class=\"wp-block-image size-full is-style-default\"><a href=\"https:\/\/www.febnet.org.br\/wp-content\/uploads\/2012\/06\/WEB-Revista-Espirita-1861.pdf\"><img loading=\"lazy\" decoding=\"async\" width=\"168\" height=\"250\" src=\"https:\/\/nucleopaf.com.br\/wp-content\/uploads\/2021\/09\/RE5.jpg\" alt=\"\" class=\"wp-image-250\"\/><\/a><figcaption>Ano IV &#8211; 1861<\/figcaption><\/figure>\n<\/div>\n\n\n\n<div class=\"wp-block-column is-layout-flow wp-block-column-is-layout-flow\">\n<figure class=\"wp-block-image size-full is-style-default\"><a href=\"https:\/\/www.febnet.org.br\/wp-content\/uploads\/2012\/06\/WEB-Revista-Espirita-1862.pdf\"><img loading=\"lazy\" decoding=\"async\" width=\"168\" height=\"250\" src=\"https:\/\/nucleopaf.com.br\/wp-content\/uploads\/2021\/09\/RE6.jpg\" alt=\"\" class=\"wp-image-251\"\/><\/a><figcaption>Ano V &#8211; 1862<\/figcaption><\/figure>\n<\/div>\n\n\n\n<div class=\"wp-block-column is-layout-flow wp-block-column-is-layout-flow\">\n<figure class=\"wp-block-image size-full is-style-default\"><a href=\"https:\/\/www.febnet.org.br\/wp-content\/uploads\/2012\/06\/WEB-Revista-Espirita-1863.pdf\"><img loading=\"lazy\" decoding=\"async\" width=\"168\" height=\"250\" src=\"https:\/\/nucleopaf.com.br\/wp-content\/uploads\/2021\/09\/RE7.jpg\" alt=\"\" class=\"wp-image-252\"\/><\/a><figcaption>Ano VI &#8211; 1863<\/figcaption><\/figure>\n<\/div>\n<\/div>\n\n\n\n<div class=\"wp-block-columns is-layout-flex wp-container-core-columns-is-layout-9d6595d7 wp-block-columns-is-layout-flex\">\n<div class=\"wp-block-column is-layout-flow wp-block-column-is-layout-flow\">\n<figure class=\"wp-block-image size-full is-style-default\"><a href=\"https:\/\/www.febnet.org.br\/wp-content\/uploads\/2012\/06\/WEB-Revista-Espirita-1864.pdf\"><img loading=\"lazy\" decoding=\"async\" width=\"168\" height=\"250\" src=\"https:\/\/nucleopaf.com.br\/wp-content\/uploads\/2021\/09\/RE8.jpg\" alt=\"\" class=\"wp-image-253\"\/><\/a><figcaption>Ano VII &#8211; 1864<\/figcaption><\/figure>\n<\/div>\n\n\n\n<div class=\"wp-block-column is-layout-flow wp-block-column-is-layout-flow\">\n<figure class=\"wp-block-image size-full is-style-default\"><a href=\"https:\/\/www.febnet.org.br\/wp-content\/uploads\/2012\/06\/WEB-Revista-Espirita-1865.pdf\"><img loading=\"lazy\" decoding=\"async\" width=\"168\" height=\"250\" src=\"https:\/\/nucleopaf.com.br\/wp-content\/uploads\/2021\/09\/RE9.jpg\" alt=\"\" class=\"wp-image-254\"\/><\/a><figcaption>Ano VIII &#8211; 1865<\/figcaption><\/figure>\n<\/div>\n\n\n\n<div class=\"wp-block-column is-layout-flow wp-block-column-is-layout-flow\">\n<figure class=\"wp-block-image size-full is-style-default\"><a href=\"https:\/\/www.febnet.org.br\/wp-content\/uploads\/2012\/06\/WEB-Revista-Espirita-1866.pdf\"><img loading=\"lazy\" decoding=\"async\" width=\"166\" height=\"250\" src=\"https:\/\/nucleopaf.com.br\/wp-content\/uploads\/2021\/09\/RE10.jpg\" alt=\"\" class=\"wp-image-255\"\/><\/a><figcaption>Ano IX &#8211; 1866<\/figcaption><\/figure>\n<\/div>\n<\/div>\n\n\n\n<div class=\"wp-block-columns is-layout-flex wp-container-core-columns-is-layout-9d6595d7 wp-block-columns-is-layout-flex\">\n<div class=\"wp-block-column is-layout-flow wp-block-column-is-layout-flow\">\n<figure class=\"wp-block-image size-full is-style-default\"><a href=\"https:\/\/www.febnet.org.br\/wp-content\/uploads\/2012\/06\/WEB-Revista-Espirita-1867.pdf\"><img loading=\"lazy\" decoding=\"async\" width=\"167\" height=\"250\" src=\"https:\/\/nucleopaf.com.br\/wp-content\/uploads\/2021\/09\/RE11.jpg\" alt=\"\" class=\"wp-image-256\"\/><\/a><figcaption>Ano X &#8211; 1867<\/figcaption><\/figure>\n<\/div>\n\n\n\n<div class=\"wp-block-column is-layout-flow wp-block-column-is-layout-flow\">\n<figure class=\"wp-block-image size-full is-style-default\"><a href=\"https:\/\/www.febnet.org.br\/wp-content\/uploads\/2012\/06\/WEB-Revista-Espirita-1868.pdf\"><img loading=\"lazy\" decoding=\"async\" width=\"166\" height=\"250\" src=\"https:\/\/nucleopaf.com.br\/wp-content\/uploads\/2021\/09\/RE12.jpg\" alt=\"\" class=\"wp-image-257\"\/><\/a><figcaption>Ano XI &#8211; 1868<\/figcaption><\/figure>\n<\/div>\n\n\n\n<div class=\"wp-block-column is-layout-flow wp-block-column-is-layout-flow\">\n<figure class=\"wp-block-image size-full is-style-default\"><a href=\"https:\/\/www.febnet.org.br\/wp-content\/uploads\/2012\/06\/WEB-Revista-Espirita-1869.pdf\"><img loading=\"lazy\" decoding=\"async\" width=\"166\" height=\"250\" src=\"https:\/\/nucleopaf.com.br\/wp-content\/uploads\/2021\/09\/RE13.jpg\" alt=\"\" class=\"wp-image-258\"\/><\/a><figcaption>Ano XII &#8211; 1869<\/figcaption><\/figure>\n<\/div>\n<\/div>\n","protected":false},"excerpt":{"rendered":"<p>Dos cinco livros fundamentais que comp\u00f5em a Codifica\u00e7\u00e3o do Espiritismo, este foi o primeiro, reunindo os ensinos dos Esp\u00edritos Superiores atrav\u00e9s de m\u00e9diuns de v\u00e1rias&hellip;<\/p>\n","protected":false},"author":1,"featured_media":0,"parent":0,"menu_order":0,"comment_status":"closed","ping_status":"closed","template":"","meta":{"footnotes":""},"class_list":["post-68","page","type-page","status-publish","hentry"],"_links":{"self":[{"href":"https:\/\/nucleopaf.com.br\/index.php?rest_route=\/wp\/v2\/pages\/68","targetHints":{"allow":["GET"]}}],"collection":[{"href":"https:\/\/nucleopaf.com.br\/index.php?rest_route=\/wp\/v2\/pages"}],"about":[{"href":"https:\/\/nucleopaf.com.br\/index.php?rest_route=\/wp\/v2\/types\/page"}],"author":[{"embeddable":true,"href":"https:\/\/nucleopaf.com.br\/index.php?rest_route=\/wp\/v2\/users\/1"}],"replies":[{"embeddable":true,"href":"https:\/\/nucleopaf.com.br\/index.php?rest_route=%2Fwp%2Fv2%2Fcomments&post=68"}],"version-history":[{"count":38,"href":"https:\/\/nucleopaf.com.br\/index.php?rest_route=\/wp\/v2\/pages\/68\/revisions"}],"predecessor-version":[{"id":612,"href":"https:\/\/nucleopaf.com.br\/index.php?rest_route=\/wp\/v2\/pages\/68\/revisions\/612"}],"wp:attachment":[{"href":"https:\/\/nucleopaf.com.br\/index.php?rest_route=%2Fwp%2Fv2%2Fmedia&parent=68"}],"curies":[{"name":"wp","href":"https:\/\/api.w.org\/{rel}","templated":true}]}}