{"id":679,"date":"2021-10-06T18:55:06","date_gmt":"2021-10-06T21:55:06","guid":{"rendered":"https:\/\/nucleopaf.com.br\/?page_id=679"},"modified":"2021-10-20T19:06:34","modified_gmt":"2021-10-20T22:06:34","slug":"home-copy","status":"publish","type":"page","link":"https:\/\/nucleopaf.com.br\/","title":{"rendered":""},"content":{"rendered":"\n<div class=\"alignnormal\"><div id=\"metaslider-id-503\" style=\"width: 100%;\" class=\"ml-slider-3-108-0 metaslider metaslider-flex metaslider-503 ml-slider ms-theme-default nav-hidden\" role=\"region\" aria-label=\"Banner_home\" data-height=\"400\" data-width=\"1000\">\n    <div id=\"metaslider_container_503\">\n        <div id=\"metaslider_503\">\n            <ul class='slides'>\n                <li style=\"display: block; width: 100%;\" class=\"slide-505 ms-image \" aria-roledescription=\"slide\" data-date=\"2021-09-27 00:25:40\" data-filename=\"banner_dw-2.png\" data-slide-type=\"image\"><a href=\"http:\/\/nucleopaf.com.br\/?page_id=68\" target=\"_self\" aria-label=\"View Slide Details\" class=\"metaslider_image_link\"><img loading=\"lazy\" decoding=\"async\" src=\"https:\/\/nucleopaf.com.br\/wp-content\/uploads\/2021\/09\/banner_dw-2.png\" height=\"400\" width=\"1000\" alt=\"Baixe as obras de Allan Kardec\" class=\"slider-503 slide-505 msDefaultImage\" title=\"Baixe as obras de Allan Kardec\" \/><\/a><\/li>\n                <li style=\"display: none; width: 100%;\" class=\"slide-509 ms-image \" aria-roledescription=\"slide\" data-date=\"2021-09-27 00:35:30\" data-filename=\"banner_paf2-1.png\" data-slide-type=\"image\"><a href=\"http:\/\/nucleopaf.com.br\/?page_id=67\" target=\"_self\" aria-label=\"View Slide Details\" class=\"metaslider_image_link\"><img loading=\"lazy\" decoding=\"async\" src=\"https:\/\/nucleopaf.com.br\/wp-content\/uploads\/2021\/09\/banner_paf2-1.png\" height=\"400\" width=\"1000\" alt=\"Baixe o livro PAF\" class=\"slider-503 slide-509 msDefaultImage\" title=\"Baixe o livro PAF\" \/><\/a><\/li>\n                <li style=\"display: none; width: 100%;\" class=\"slide-617 ms-image \" aria-roledescription=\"slide\" data-date=\"2021-09-29 01:21:34\" data-filename=\"banner_youtube.png\" data-slide-type=\"image\"><a href=\"https:\/\/www.youtube.com\/c\/NucleoPAF\" target=\"_blank\" aria-label=\"View Slide Details\" class=\"metaslider_image_link\"><img loading=\"lazy\" decoding=\"async\" src=\"https:\/\/nucleopaf.com.br\/wp-content\/uploads\/2021\/09\/banner_youtube.png\" height=\"400\" width=\"1000\" alt=\"Inscreva-se no canal N\u00facleo PAF do youtube\" class=\"slider-503 slide-617 msDefaultImage\" title=\"Inscreva-se no canal N\u00facleo PAF do youtube\" \/><\/a><\/li>\n                <li style=\"display: none; width: 100%;\" class=\"slide-793 ms-image \" aria-roledescription=\"slide\" data-date=\"2021-10-07 13:59:24\" data-filename=\"20210923-pos-covid19-banner-1.jpeg\" data-slide-type=\"image\"><a href=\"https:\/\/nucleopaf.com.br\/?p=564\" target=\"_self\" aria-label=\"View Slide Details\" class=\"metaslider_image_link\"><img loading=\"lazy\" decoding=\"async\" src=\"https:\/\/nucleopaf.com.br\/wp-content\/uploads\/2021\/10\/20210923-pos-covid19-banner-1.jpeg\" height=\"400\" width=\"1000\" alt=\"\" class=\"slider-503 slide-793 msDefaultImage\" title=\"20210923-pos-covid19-banner\" \/><\/a><\/li>\n            <\/ul>\n        <\/div>\n        \n    <\/div>\n<\/div><\/div>\n\n\n\n<div class=\"wp-block-columns is-layout-flex wp-container-core-columns-is-layout-9d6595d7 wp-block-columns-is-layout-flex\">\n<div class=\"wp-block-column has-black-color has-text-color is-layout-flow wp-block-column-is-layout-flow\">\n<h5 class=\"has-text-align-center wp-block-heading\"><br><strong><a href=\"https:\/\/nucleopaf.com.br\/?page_id=732\" data-type=\"page\">Avisos:<\/a><\/strong><\/h5>\n\n\n<ul class=\"wp-block-latest-posts__list has-dates wp-block-latest-posts\"><li><a class=\"wp-block-latest-posts__post-title\" href=\"https:\/\/nucleopaf.com.br\/?p=564\">Retomamos nossas atividades presenciais<\/a><time datetime=\"2021-09-28T23:08:17-03:00\" class=\"wp-block-latest-posts__post-date\">28 de setembro de 2021<\/time><div class=\"wp-block-latest-posts__post-excerpt\"><p>O n\u00facleo PAF est\u00e1 retomando as suas atividades neste 1\u00ba\/ago\/2021. Veja como fica a programa\u00e7\u00e3o de atendimento e cursos.<\/p>\n<\/div><\/li>\n<\/ul><\/div>\n\n\n\n<div class=\"wp-block-column has-black-color has-text-color is-layout-flow wp-block-column-is-layout-flow\">\n<h5 class=\"has-text-align-center wp-block-heading\"><br><strong><a href=\"https:\/\/nucleopaf.com.br\/?page_id=781\" data-type=\"page\" data-id=\"781\">Not\u00edcias:<\/a><\/strong><\/h5>\n\n\n<ul class=\"wp-block-latest-posts__list has-dates wp-block-latest-posts\"><li><a class=\"wp-block-latest-posts__post-title\" href=\"https:\/\/nucleopaf.com.br\/?p=801\">A evolu\u00e7\u00e3o do pensamento religioso<\/a><time datetime=\"2021-10-12T11:25:40-03:00\" class=\"wp-block-latest-posts__post-date\">12 de outubro de 2021<\/time><div class=\"wp-block-latest-posts__post-excerpt\"><p>Fique de olho, pois dia 20\/out\/2021 \u00e0s 20h teremos uma live com o Ant\u00f4nio Tavares sobre a Evolu\u00e7\u00e3o do pensando religioso.<\/p> <\/div><\/li>\n<\/ul><\/div>\n\n\n\n<div class=\"wp-block-column has-black-color has-text-color is-layout-flow wp-block-column-is-layout-flow\">\n<h5 class=\"has-text-align-center wp-block-heading\"><br><strong><a href=\"https:\/\/nucleopaf.com.br\/?page_id=672\" data-type=\"page\" data-id=\"672\">Inspire-se:<\/a><\/strong><\/h5>\n\n\n<ul class=\"wp-block-latest-posts__list has-dates wp-block-latest-posts\"><li><a class=\"wp-block-latest-posts__post-title\" href=\"https:\/\/nucleopaf.com.br\/?p=748\">Mensagem do dia<\/a><time datetime=\"2021-10-28T07:00:00-03:00\" class=\"wp-block-latest-posts__post-date\">28 de outubro de 2021<\/time><div class=\"wp-block-latest-posts__post-excerpt\">Agrade\u00e7o sempre a Deus pelo presente de um novo dia, quando sinto-me forte, iluminado e feliz!Agrade\u00e7o a meus amigos por me auxiliarem em meu crescimento.Sem Deus e sem amigos, eu ainda estaria ao n\u00edvel da solid\u00e3o! Autor desconhecido<\/div><\/li>\n<\/ul><\/div>\n<\/div>\n\n\n\n<div class=\"wp-block-columns is-layout-flex wp-container-core-columns-is-layout-9d6595d7 wp-block-columns-is-layout-flex\">\n<div class=\"wp-block-column is-layout-flow wp-block-column-is-layout-flow\">\n<h5 class=\"has-text-align-center wp-block-heading\"><strong><a href=\"https:\/\/nucleopaf.com.br\/?page_id=698\" data-type=\"page\" data-id=\"698\">Publica\u00e7\u00e3o no Youtube:<\/a><\/strong><\/h5>\n\n\n\r\n<div id=\"sb_youtube_sbyUCCzJLP4VHHT1tEDbgLoW0Q1\" class=\"sb_youtube sby_layout_list sby_col_0 sby_mob_col_0  sby_width_resp\" data-feedid=\"sby_UCCzJLP4VH-HT1tEDbgLoW0Q#1\" data-shortcode-atts=\"{&quot;channel&quot;:&quot;UCCzJLP4VH-HT1tEDbgLoW0Q&quot;,&quot;layout&quot;:&quot;list&quot;,&quot;num&quot;:&quot;1&quot;,&quot;showbutton&quot;:&quot;false&quot;,&quot;showsubscribe&quot;:&quot;false&quot;}\" data-cols=\"0\" data-colsmobile=\"0\" data-num=\"1\" data-nummobile=\"1\" data-sby-flags=\"resizeDisable\" data-postid=\"679\" style=\"width: 100%;\">\r\n\t        <div class=\"sby_items_wrap\">\r\n\t\t<div class=\"sby_item  sby_new sby_transition\" id=\"sby_VVVDekpMUDRWSC1IVDF0RURiZ0xvVzBRLm05WFdDdWt1Nnc0\" data-date=\"1768791663\" data-video-id=\"m9XWCuku6w4\" style=\"margin-bottom: 5px;\">\r\n    <div class=\"sby_video_thumbnail_wrap\">\r\n        <a class=\"sby_video_thumbnail sby_item_video_thumbnail\" href=\"https:\/\/www.youtube.com\/watch?v=m9XWCuku6w4\" target=\"_blank\" rel=\"noopener\" data-full-res=\"https:\/\/i.ytimg.com\/vi\/m9XWCuku6w4\/maxresdefault.jpg\" data-img-src-set=\"{&quot;120&quot;:&quot;https:\\\/\\\/i.ytimg.com\\\/vi\\\/m9XWCuku6w4\\\/default.jpg&quot;,&quot;320&quot;:&quot;https:\\\/\\\/i.ytimg.com\\\/vi\\\/m9XWCuku6w4\\\/mqdefault.jpg&quot;,&quot;480&quot;:&quot;https:\\\/\\\/i.ytimg.com\\\/vi\\\/m9XWCuku6w4\\\/hqdefault.jpg&quot;,&quot;640&quot;:&quot;https:\\\/\\\/i.ytimg.com\\\/vi\\\/m9XWCuku6w4\\\/sddefault.jpg&quot;}\" data-video-id=\"m9XWCuku6w4\" data-video-title=\"PALESTRA REALIZADA EM 27.09.25 | Influ\u00eancias espirituais e a busca por prote\u00e7\u00e3o\">\r\n            <img decoding=\"async\" src=\"https:\/\/nucleopaf.com.br\/wp-content\/plugins\/feeds-for-youtube\/img\/placeholder.png\" alt=\"\">\r\n\r\n            <div class=\"sby_thumbnail_hover\">\r\n                <span class=\"sby_video_title\">PALESTRA REALIZADA EM 27.09.25 | Influ\u00eancias espirituais e a busca por prote\u00e7\u00e3o<\/span>\r\n            <\/div>\r\n\r\n            <span class=\"sby-screenreader\">YouTube Video VVVDekpMUDRWSC1IVDF0RURiZ0xvVzBRLm05WFdDdWt1Nnc0<\/span>\r\n\t                        <div class=\"sby_play_btn\">\r\n                    <span class=\"sby_play_btn_bg\"><\/span>\r\n                    <svg aria-hidden=\"true\" focusable=\"false\" data-prefix=\"fab\" data-icon=\"youtube\" role=\"img\" xmlns=\"http:\/\/www.w3.org\/2000\/svg\" viewBox=\"0 0 576 512\" class=\"svg-inline--fa fa-youtube fa-w-18\"><path fill=\"currentColor\" d=\"M549.655 124.083c-6.281-23.65-24.787-42.276-48.284-48.597C458.781 64 288 64 288 64S117.22 64 74.629 75.486c-23.497 6.322-42.003 24.947-48.284 48.597-11.412 42.867-11.412 132.305-11.412 132.305s0 89.438 11.412 132.305c6.281 23.65 24.787 41.5 48.284 47.821C117.22 448 288 448 288 448s170.78 0 213.371-11.486c23.497-6.321 42.003-24.171 48.284-47.821 11.412-42.867 11.412-132.305 11.412-132.305s0-89.438-11.412-132.305zm-317.51 213.508V175.185l142.739 81.205-142.739 81.201z\" class=\"\"><\/path><\/svg>                <\/div>\r\n                        <span class=\"sby_loader sby_hidden\" style=\"background-color: rgb(255, 255, 255);\"><\/span>\r\n        <\/a>\r\n\r\n                <div id=\"sby_player_m9XWCuku6w4\" class=\"sby_player_wrap\"><\/div>\r\n        \r\n    <\/div>\r\n<\/div>    <\/div>\r\n\r\n\t<div class=\"sby_footer\">\r\n\r\n\r\n<\/div>\r\n\t<\/div><\/div>\n\n\n\n<div class=\"wp-block-column is-layout-flow wp-block-column-is-layout-flow\">\n<h5 class=\"has-text-align-center wp-block-heading\"><strong><a href=\"https:\/\/nucleopaf.com.br\/?page_id=628\" data-type=\"page\" data-id=\"628\">Estudando o Evangelho:<\/a><\/strong><\/h5>\n\n\n<ul class=\"wp-block-latest-posts__list has-dates wp-block-latest-posts\"><li><a class=\"wp-block-latest-posts__post-title\" href=\"https:\/\/nucleopaf.com.br\/?p=851\">Cap\u00edtulo XVIII \u2013 Muitos os Chamados e Poucos os Escolhidos. Item 16.<\/a><time datetime=\"2021-11-15T07:00:00-03:00\" class=\"wp-block-latest-posts__post-date\">15 de novembro de 2021<\/time><div class=\"wp-block-latest-posts__post-excerpt\">Pelas suas obras \u00e9 que se reconhece o crist\u00e3o. 16.&nbsp;\u201cNem todos os que me dizem: Senhor! Senhor! entrar\u00e3o no reino dos c\u00e9us, mas somente aqueles que fazem a vontade de meu Pai que est\u00e1 nos c\u00e9us.\u201d Escutai essa palavra do&hellip;<\/div><\/li>\n<\/ul><\/div>\n\n\n\n<div class=\"wp-block-column is-layout-flow wp-block-column-is-layout-flow\"><\/div>\n<\/div>\n\n\n\n<div class=\"wp-block-columns is-layout-flex wp-container-core-columns-is-layout-9d6595d7 wp-block-columns-is-layout-flex\">\n<div class=\"wp-block-column is-layout-flow wp-block-column-is-layout-flow\">\n<div class=\"wp-block-columns is-layout-flex wp-container-core-columns-is-layout-9d6595d7 wp-block-columns-is-layout-flex\">\n<div class=\"wp-block-column is-layout-flow wp-block-column-is-layout-flow\"><\/div>\n<\/div>\n<\/div>\n<\/div>\n","protected":false},"excerpt":{"rendered":"<p>Avisos: Not\u00edcias: Inspire-se: Publica\u00e7\u00e3o no Youtube: Estudando o Evangelho:<\/p>\n","protected":false},"author":1,"featured_media":0,"parent":0,"menu_order":0,"comment_status":"closed","ping_status":"closed","template":"","meta":{"footnotes":""},"class_list":["post-679","page","type-page","status-publish","hentry"],"_links":{"self":[{"href":"https:\/\/nucleopaf.com.br\/index.php?rest_route=\/wp\/v2\/pages\/679","targetHints":{"allow":["GET"]}}],"collection":[{"href":"https:\/\/nucleopaf.com.br\/index.php?rest_route=\/wp\/v2\/pages"}],"about":[{"href":"https:\/\/nucleopaf.com.br\/index.php?rest_route=\/wp\/v2\/types\/page"}],"author":[{"embeddable":true,"href":"https:\/\/nucleopaf.com.br\/index.php?rest_route=\/wp\/v2\/users\/1"}],"replies":[{"embeddable":true,"href":"https:\/\/nucleopaf.com.br\/index.php?rest_route=%2Fwp%2Fv2%2Fcomments&post=679"}],"version-history":[{"count":27,"href":"https:\/\/nucleopaf.com.br\/index.php?rest_route=\/wp\/v2\/pages\/679\/revisions"}],"predecessor-version":[{"id":841,"href":"https:\/\/nucleopaf.com.br\/index.php?rest_route=\/wp\/v2\/pages\/679\/revisions\/841"}],"wp:attachment":[{"href":"https:\/\/nucleopaf.com.br\/index.php?rest_route=%2Fwp%2Fv2%2Fmedia&parent=679"}],"curies":[{"name":"wp","href":"https:\/\/api.w.org\/{rel}","templated":true}]}}