{"id":672,"date":"2021-10-06T01:43:27","date_gmt":"2021-10-06T04:43:27","guid":{"rendered":"https:\/\/nucleopaf.com.br\/?page_id=672"},"modified":"2021-10-07T01:11:49","modified_gmt":"2021-10-07T04:11:49","slug":"estudando-o-evangelho-copy","status":"publish","type":"page","link":"https:\/\/nucleopaf.com.br\/?page_id=672","title":{"rendered":"Mensagem do dia"},"content":{"rendered":"<ul class=\"wp-block-latest-posts__list wp-block-latest-posts\"><li><a class=\"wp-block-latest-posts__post-title\" href=\"https:\/\/nucleopaf.com.br\/?p=748\">Mensagem do dia<\/a><div class=\"wp-block-latest-posts__post-full-content\"><!-- wp:paragraph -->\n<p>Agrade\u00e7o sempre a Deus pelo presente de um novo dia, quando sinto-me forte, iluminado e feliz!<br>Agrade\u00e7o a meus amigos por me auxiliarem em meu crescimento.<br>Sem Deus e sem amigos, eu ainda estaria ao n\u00edvel da solid\u00e3o!<\/p>\n<!-- \/wp:paragraph -->\n\n<!-- wp:paragraph -->\n<p>Autor desconhecido<\/p>\n<!-- \/wp:paragraph --><\/div><\/li>\n<\/ul>\n\n\n<p class=\"has-small-font-size\"><strong>Leia tamb\u00e9m as mensagens anteriores:<\/strong><\/p>\n\n\n<ul class=\"wp-block-latest-posts__list has-dates wp-block-latest-posts\"><li><a class=\"wp-block-latest-posts__post-title\" href=\"https:\/\/nucleopaf.com.br\/?p=748\">Mensagem do dia<\/a><time datetime=\"2021-10-28T07:00:00-03:00\" class=\"wp-block-latest-posts__post-date\">28 de outubro de 2021<\/time><\/li>\n<li><a class=\"wp-block-latest-posts__post-title\" href=\"https:\/\/nucleopaf.com.br\/?p=746\">Mensagem do dia<\/a><time datetime=\"2021-10-26T07:00:00-03:00\" class=\"wp-block-latest-posts__post-date\">26 de outubro de 2021<\/time><\/li>\n<li><a class=\"wp-block-latest-posts__post-title\" href=\"https:\/\/nucleopaf.com.br\/?p=737\">Mensagem do dia<\/a><time datetime=\"2021-10-21T07:00:00-03:00\" class=\"wp-block-latest-posts__post-date\">21 de outubro de 2021<\/time><\/li>\n<li><a class=\"wp-block-latest-posts__post-title\" href=\"https:\/\/nucleopaf.com.br\/?p=744\">Mensagem do dia<\/a><time datetime=\"2021-10-19T07:00:00-03:00\" class=\"wp-block-latest-posts__post-date\">19 de outubro de 2021<\/time><\/li>\n<li><a class=\"wp-block-latest-posts__post-title\" href=\"https:\/\/nucleopaf.com.br\/?p=741\">Mensagem do dia<\/a><time datetime=\"2021-10-14T07:00:00-03:00\" class=\"wp-block-latest-posts__post-date\">14 de outubro de 2021<\/time><\/li>\n<li><a class=\"wp-block-latest-posts__post-title\" href=\"https:\/\/nucleopaf.com.br\/?p=739\">Mensagem do dia<\/a><time datetime=\"2021-10-12T07:00:00-03:00\" class=\"wp-block-latest-posts__post-date\">12 de outubro de 2021<\/time><\/li>\n<li><a class=\"wp-block-latest-posts__post-title\" href=\"https:\/\/nucleopaf.com.br\/?p=668\">Mensagem do dia<\/a><time datetime=\"2021-10-06T01:33:12-03:00\" class=\"wp-block-latest-posts__post-date\">6 de outubro de 2021<\/time><\/li>\n<li><a class=\"wp-block-latest-posts__post-title\" href=\"https:\/\/nucleopaf.com.br\/?p=621\">Mensagem do dia<\/a><time datetime=\"2021-09-29T11:20:11-03:00\" class=\"wp-block-latest-posts__post-date\">29 de setembro de 2021<\/time><\/li>\n<\/ul>","protected":false},"excerpt":{"rendered":"<p>Leia tamb\u00e9m as mensagens anteriores:<\/p>\n","protected":false},"author":1,"featured_media":0,"parent":0,"menu_order":0,"comment_status":"closed","ping_status":"closed","template":"","meta":{"footnotes":""},"class_list":["post-672","page","type-page","status-publish","hentry"],"_links":{"self":[{"href":"https:\/\/nucleopaf.com.br\/index.php?rest_route=\/wp\/v2\/pages\/672","targetHints":{"allow":["GET"]}}],"collection":[{"href":"https:\/\/nucleopaf.com.br\/index.php?rest_route=\/wp\/v2\/pages"}],"about":[{"href":"https:\/\/nucleopaf.com.br\/index.php?rest_route=\/wp\/v2\/types\/page"}],"author":[{"embeddable":true,"href":"https:\/\/nucleopaf.com.br\/index.php?rest_route=\/wp\/v2\/users\/1"}],"replies":[{"embeddable":true,"href":"https:\/\/nucleopaf.com.br\/index.php?rest_route=%2Fwp%2Fv2%2Fcomments&post=672"}],"version-history":[{"count":9,"href":"https:\/\/nucleopaf.com.br\/index.php?rest_route=\/wp\/v2\/pages\/672\/revisions"}],"predecessor-version":[{"id":768,"href":"https:\/\/nucleopaf.com.br\/index.php?rest_route=\/wp\/v2\/pages\/672\/revisions\/768"}],"wp:attachment":[{"href":"https:\/\/nucleopaf.com.br\/index.php?rest_route=%2Fwp%2Fv2%2Fmedia&parent=672"}],"curies":[{"name":"wp","href":"https:\/\/api.w.org\/{rel}","templated":true}]}}