{"id":67,"date":"2021-09-21T16:00:21","date_gmt":"2021-09-21T19:00:21","guid":{"rendered":"http:\/\/nucleopaf.com.br\/?page_id=67"},"modified":"2021-09-29T00:43:00","modified_gmt":"2021-09-29T03:43:00","slug":"livro-paf","status":"publish","type":"page","link":"https:\/\/nucleopaf.com.br\/?page_id=67","title":{"rendered":"Livro PAF"},"content":{"rendered":"\n<div class=\"wp-block-columns is-layout-flex wp-container-core-columns-is-layout-9d6595d7 wp-block-columns-is-layout-flex\">\n<div class=\"wp-block-column is-layout-flow wp-block-column-is-layout-flow\" style=\"flex-basis:100%\">\n<div class=\"wp-block-columns is-layout-flex wp-container-core-columns-is-layout-9d6595d7 wp-block-columns-is-layout-flex\">\n<div class=\"wp-block-column is-layout-flow wp-block-column-is-layout-flow\" style=\"flex-basis:33.33%\">\n<figure class=\"wp-block-image size-full\"><img decoding=\"async\" src=\"https:\/\/nucleopaf.com.br\/wp-content\/uploads\/2021\/09\/Livropaf-capa.jpg\" alt=\"\" class=\"wp-image-135\" width=\"NaN\" height=\"NaN\" srcset=\"https:\/\/nucleopaf.com.br\/wp-content\/uploads\/2021\/09\/Livropaf-capa.jpg 300w, https:\/\/nucleopaf.com.br\/wp-content\/uploads\/2021\/09\/Livropaf-capa-227x300.jpg 227w\" sizes=\"(max-width: 300px) 100vw, 300px\" \/><figcaption>Capa do livro PAF<\/figcaption><\/figure>\n\n\n\n<p class=\"has-small-font-size\"><a href=\"https:\/\/nucleopaf.com.br\/wp-content\/uploads\/2021\/09\/A_Casa_Espirita-Paz_Amor_e_Fraternidade-3ed.pdf\" data-type=\"URL\" data-id=\"https:\/\/nucleopaf.com.br\/wp-content\/uploads\/2021\/09\/A_Casa_Espirita-Paz_Amor_e_Fraternidade-3ed.pdf\">Clique aqui e baixe o PDF do livro.<\/a><\/p>\n\n\n\n<p class=\"has-small-font-size\"><a href=\"https:\/\/nucleopaf.com.br\/wp-content\/uploads\/2021\/09\/A_Casa_Espirita-Paz_Amor_e_Fraternidade-Capa_da_3ed.pdf\" data-type=\"URL\" data-id=\"https:\/\/nucleopaf.com.br\/wp-content\/uploads\/2021\/09\/A_Casa_Espirita-Paz_Amor_e_Fraternidade-Capa_da_3ed.pdf\">Clique aqui e baixe o PDF da capa do livro.<\/a><\/p>\n<\/div>\n\n\n\n<div class=\"wp-block-column is-layout-flow wp-block-column-is-layout-flow\" style=\"flex-basis:66.66%\">\n<p>O N\u00facleo Assistencial Esp\u00edrita &#8220;Paz, Amor e Fraternidade&#8221;, enquanto Casa Esp\u00edrita, tem como miss\u00e3o promover o estudo, a difus\u00e3o e a pr\u00e1tica da Doutrina Esp\u00edrita. Desta forma, procura atender as pessoas que buscam esclarecimento, orienta\u00e7\u00e3o e amparo para suas dificuldades espirituais, morais e materiais.<\/p>\n\n\n\n<p>Este labor volunt\u00e1rio \u00e9 norteado por um programa de educa\u00e7\u00e3o espiritual, oriundo das li\u00e7\u00f5es do Evangelho do Mestre Jesus, clarificadas pela luz dos ensinamentos dos Esp\u00edritos Superiores, por meio das obras de Allan Kardec. Neste sentido, todas as atividades realizadas nas Casas Paz, Amor e Fraternidade, presentes em Osasco (SP), S\u00e3o Carlos (SP) e Guaran\u00e9sia (MG) est\u00e3o catalogadas neste comp\u00eandio, bem como as instru\u00e7\u00f5es gerais emanadas dos Esp\u00edritos Instrutores da Corrente PAF e os fundamentos te\u00f3ricos de cada trabalho.Todas as orienta\u00e7\u00f5es advindas dos Esp\u00edritos foram apreciadas e aprovadas pelo corpo diretivo da institui\u00e7\u00e3o, ao longo do tempo. Desta maneira, pretende-se que o formato de cada atividade e a orienta\u00e7\u00e3o sejam mantidos perenemente, garantindo assim, a legitimidade e a confian\u00e7a nas orienta\u00e7\u00f5es e, principalmente, a uniformiza\u00e7\u00e3o dos trabalhos para os irm\u00e3os frequentadores da Casa.<\/p>\n\n\n\n<p>Paz e Luz \u00e0 todos.  <\/p>\n<\/div>\n<\/div>\n<\/div>\n<\/div>\n","protected":false},"excerpt":{"rendered":"<p>Clique aqui e baixe o PDF do livro. Clique aqui e baixe o PDF da capa do livro. O N\u00facleo Assistencial Esp\u00edrita &#8220;Paz, Amor e&hellip;<\/p>\n","protected":false},"author":1,"featured_media":0,"parent":0,"menu_order":0,"comment_status":"closed","ping_status":"closed","template":"","meta":{"footnotes":""},"class_list":["post-67","page","type-page","status-publish","hentry"],"_links":{"self":[{"href":"https:\/\/nucleopaf.com.br\/index.php?rest_route=\/wp\/v2\/pages\/67","targetHints":{"allow":["GET"]}}],"collection":[{"href":"https:\/\/nucleopaf.com.br\/index.php?rest_route=\/wp\/v2\/pages"}],"about":[{"href":"https:\/\/nucleopaf.com.br\/index.php?rest_route=\/wp\/v2\/types\/page"}],"author":[{"embeddable":true,"href":"https:\/\/nucleopaf.com.br\/index.php?rest_route=\/wp\/v2\/users\/1"}],"replies":[{"embeddable":true,"href":"https:\/\/nucleopaf.com.br\/index.php?rest_route=%2Fwp%2Fv2%2Fcomments&post=67"}],"version-history":[{"count":25,"href":"https:\/\/nucleopaf.com.br\/index.php?rest_route=\/wp\/v2\/pages\/67\/revisions"}],"predecessor-version":[{"id":611,"href":"https:\/\/nucleopaf.com.br\/index.php?rest_route=\/wp\/v2\/pages\/67\/revisions\/611"}],"wp:attachment":[{"href":"https:\/\/nucleopaf.com.br\/index.php?rest_route=%2Fwp%2Fv2%2Fmedia&parent=67"}],"curies":[{"name":"wp","href":"https:\/\/api.w.org\/{rel}","templated":true}]}}