{"id":41,"date":"2021-09-21T15:20:26","date_gmt":"2021-09-21T18:20:26","guid":{"rendered":"http:\/\/nucleopaf.com.br\/?page_id=41"},"modified":"2021-09-22T01:05:22","modified_gmt":"2021-09-22T04:05:22","slug":"introducao-a-pratica-da-mediunidade","status":"publish","type":"page","link":"https:\/\/nucleopaf.com.br\/?page_id=41","title":{"rendered":"Introdu\u00e7\u00e3o \u00e0 Pr\u00e1tica da Mediunidade"},"content":{"rendered":"\n<div class=\"wp-block-columns is-layout-flex wp-container-core-columns-is-layout-9d6595d7 wp-block-columns-is-layout-flex\">\n<div class=\"wp-block-column is-layout-flow wp-block-column-is-layout-flow\" style=\"flex-basis:33.33%\">\n<figure class=\"wp-block-image size-full is-style-default\"><img decoding=\"async\" src=\"https:\/\/nucleopaf.com.br\/wp-content\/uploads\/2021\/09\/Livropaf-capa.jpg\" alt=\"Capa do livro A Casa Esp\u00edrita &quot;Paz, Amor e Fraternidade&quot; - 3\u00aaed.\" class=\"wp-image-135\" width=\"NaN\" height=\"NaN\" srcset=\"https:\/\/nucleopaf.com.br\/wp-content\/uploads\/2021\/09\/Livropaf-capa.jpg 300w, https:\/\/nucleopaf.com.br\/wp-content\/uploads\/2021\/09\/Livropaf-capa-227x300.jpg 227w\" sizes=\"(max-width: 300px) 100vw, 300px\" \/><figcaption>Capa do livro PAF<\/figcaption><\/figure>\n\n\n\n<p class=\"has-small-font-size\"><a href=\"https:\/\/nucleopaf.com.br\/wp-content\/uploads\/2021\/09\/A_Casa_Espirita-Paz_Amor_e_Fraternidade-3ed.pdf\" data-type=\"URL\" data-id=\"https:\/\/nucleopaf.com.br\/wp-content\/uploads\/2021\/09\/A_Casa_Espirita-Paz_Amor_e_Fraternidade-3ed.pdf\">Clique aqui e baixe o PDF do livro.<\/a><\/p>\n\n\n\n<p class=\"has-small-font-size\"><a href=\"https:\/\/nucleopaf.com.br\/wp-content\/uploads\/2021\/09\/A_Casa_Espirita-Paz_Amor_e_Fraternidade-Capa_da_3ed.pdf\" data-type=\"URL\" data-id=\"https:\/\/nucleopaf.com.br\/wp-content\/uploads\/2021\/09\/A_Casa_Espirita-Paz_Amor_e_Fraternidade-Capa_da_3ed.pdf\">Clique aqui e baixe o PDF da capa do livro.<\/a><\/p>\n<\/div>\n\n\n\n<div class=\"wp-block-column is-layout-flow wp-block-column-is-layout-flow\" style=\"flex-basis:66.66%\">\n<p>texto<\/p>\n<\/div>\n<\/div>\n\n\n\n<p><\/p>\n","protected":false},"excerpt":{"rendered":"<p>Clique aqui e baixe o PDF do livro. Clique aqui e baixe o PDF da capa do livro. texto<\/p>\n","protected":false},"author":1,"featured_media":0,"parent":0,"menu_order":0,"comment_status":"closed","ping_status":"closed","template":"","meta":{"footnotes":""},"class_list":["post-41","page","type-page","status-publish","hentry"],"_links":{"self":[{"href":"https:\/\/nucleopaf.com.br\/index.php?rest_route=\/wp\/v2\/pages\/41","targetHints":{"allow":["GET"]}}],"collection":[{"href":"https:\/\/nucleopaf.com.br\/index.php?rest_route=\/wp\/v2\/pages"}],"about":[{"href":"https:\/\/nucleopaf.com.br\/index.php?rest_route=\/wp\/v2\/types\/page"}],"author":[{"embeddable":true,"href":"https:\/\/nucleopaf.com.br\/index.php?rest_route=\/wp\/v2\/users\/1"}],"replies":[{"embeddable":true,"href":"https:\/\/nucleopaf.com.br\/index.php?rest_route=%2Fwp%2Fv2%2Fcomments&post=41"}],"version-history":[{"count":5,"href":"https:\/\/nucleopaf.com.br\/index.php?rest_route=\/wp\/v2\/pages\/41\/revisions"}],"predecessor-version":[{"id":303,"href":"https:\/\/nucleopaf.com.br\/index.php?rest_route=\/wp\/v2\/pages\/41\/revisions\/303"}],"wp:attachment":[{"href":"https:\/\/nucleopaf.com.br\/index.php?rest_route=%2Fwp%2Fv2%2Fmedia&parent=41"}],"curies":[{"name":"wp","href":"https:\/\/api.w.org\/{rel}","templated":true}]}}