{"id":38,"date":"2021-09-21T15:20:26","date_gmt":"2021-09-21T18:20:26","guid":{"rendered":"http:\/\/nucleopaf.com.br\/?page_id=38"},"modified":"2021-09-29T00:38:18","modified_gmt":"2021-09-29T03:38:18","slug":"iniciacao-a-doutrina-espirita-1a-parte","status":"publish","type":"page","link":"https:\/\/nucleopaf.com.br\/?page_id=38","title":{"rendered":"Inicia\u00e7\u00e3o \u00e0 Doutrina Esp\u00edrita &#8211; 1\u00aa Parte"},"content":{"rendered":"\n<div class=\"wp-block-columns is-layout-flex wp-container-core-columns-is-layout-9d6595d7 wp-block-columns-is-layout-flex\">\n<div class=\"wp-block-column is-layout-flow wp-block-column-is-layout-flow\" style=\"flex-basis:33.33%\">\n<figure class=\"wp-block-image size-full is-style-default\"><a href=\"https:\/\/www.febnet.org.br\/wp-content\/uploads\/2012\/06\/WEB-ESDE-Programa-Fundamental-Tomo-I-Reedi%C3%A7%C3%A3o.pdf\"><img decoding=\"async\" src=\"https:\/\/nucleopaf.com.br\/wp-content\/uploads\/2021\/09\/Tomo-I-Capa.png\" alt=\"Capa do livro Estudo Sistematizado da Doutrina Esp\u00edrita - Tomo I\" class=\"wp-image-223\" width=\"NaN\" height=\"NaN\" srcset=\"https:\/\/nucleopaf.com.br\/wp-content\/uploads\/2021\/09\/Tomo-I-Capa.png 444w, https:\/\/nucleopaf.com.br\/wp-content\/uploads\/2021\/09\/Tomo-I-Capa-212x300.png 212w\" sizes=\"(max-width: 444px) 100vw, 444px\" \/><\/a><figcaption>Capa do livro utilizado no curso<\/figcaption><\/figure>\n\n\n\n<p class=\"has-small-font-size\"><a href=\"https:\/\/www.febnet.org.br\/wp-content\/uploads\/2012\/06\/WEB-ESDE-Programa-Fundamental-Tomo-I-Reedi%C3%A7%C3%A3o.pdf\" data-type=\"URL\" data-id=\"https:\/\/www.febnet.org.br\/wp-content\/uploads\/2012\/06\/WEB-ESDE-Programa-Fundamental-Tomo-I-Reedi%C3%A7%C3%A3o.pdf\">Clique aqui e baixe o PDF do livro<\/a><\/p>\n<\/div>\n\n\n\n<div class=\"wp-block-column is-layout-flow wp-block-column-is-layout-flow\" style=\"flex-basis:66.66%\">\n<p>Primeiro ano \u2013 Curso de Introdu\u00e7\u00e3o \u00e0 Doutrina Esp\u00edrita, com base em O Livro dos Esp\u00edritos, de Allan Kardec, nos seus t\u00f3picos: Introdu\u00e7\u00e3o ao Estudo da Doutrina Esp\u00edrita; Livro Primeiro (As Causas Prim\u00e1rias); Livro Segundo (Mundo Esp\u00edrita ou dos Esp\u00edritos). Este curso pode tamb\u00e9m ser desenvolvido pelo Estudo Sistematizado da Doutrina Esp\u00edrita (ESDE) \u2013 tomo I, publicado pela FEB. \u00c9 destinado para aqueles que desejam conhecer a Doutrina Esp\u00edrita e que tenham 15 anos, ou mais.<\/p>\n\n\n\n<p>Lan\u00e7ado em 1983, em Bras\u00edlia, na reuni\u00e3o anual do Conselho Federativo Nacional (CFN), o ESDE busca atender \u00e0s expectativas do Movimento Esp\u00edrita quanto \u00e0 amplia\u00e7\u00e3o dos estudos de forma sistematizada nas casas esp\u00edritas. Atende tamb\u00e9m ao objetivo do pr\u00f3prio Espiritismo, que \u00e9 a transforma\u00e7\u00e3o moral dos indiv\u00edduos a partir da f\u00e9 raciocinada.<\/p>\n\n\n\n<p>O ESDE \u00e9, portanto, um programa de estudo met\u00f3dico, cont\u00ednuo e s\u00e9rio da Doutrina Esp\u00edrita, a ser realizado em grupo privativo, fundamentado nas cinco obras b\u00e1sicas de Allan Kardec &#8211; O Livro dos Esp\u00edritos, O Livro dos M\u00e9diuns, O Evangelho Segundo o Espiritismo, O C\u00e9u e o Inferno e A G\u00eanese. Sua a\u00e7\u00e3o \u00e9 complementar a outras realizadas pela institui\u00e7\u00e3o esp\u00edrita, como o estudo das obras b\u00e1sicas e da mediunidade, o Estudo Aprofundado do Espiritismo, a Inf\u00e2ncia e Juventude, o atendimento fraterno, as a\u00e7\u00f5es de assist\u00eancia e promo\u00e7\u00e3o social, constituindo-se em instrumento de prepara\u00e7\u00e3o de trabalhadores para todas as \u00e1reas da casa.<\/p>\n<\/div>\n<\/div>\n","protected":false},"excerpt":{"rendered":"<p>Clique aqui e baixe o PDF do livro Primeiro ano \u2013 Curso de Introdu\u00e7\u00e3o \u00e0 Doutrina Esp\u00edrita, com base em O Livro dos Esp\u00edritos, de&hellip;<\/p>\n","protected":false},"author":1,"featured_media":0,"parent":0,"menu_order":0,"comment_status":"closed","ping_status":"closed","template":"","meta":{"footnotes":""},"class_list":["post-38","page","type-page","status-publish","hentry"],"_links":{"self":[{"href":"https:\/\/nucleopaf.com.br\/index.php?rest_route=\/wp\/v2\/pages\/38","targetHints":{"allow":["GET"]}}],"collection":[{"href":"https:\/\/nucleopaf.com.br\/index.php?rest_route=\/wp\/v2\/pages"}],"about":[{"href":"https:\/\/nucleopaf.com.br\/index.php?rest_route=\/wp\/v2\/types\/page"}],"author":[{"embeddable":true,"href":"https:\/\/nucleopaf.com.br\/index.php?rest_route=\/wp\/v2\/users\/1"}],"replies":[{"embeddable":true,"href":"https:\/\/nucleopaf.com.br\/index.php?rest_route=%2Fwp%2Fv2%2Fcomments&post=38"}],"version-history":[{"count":13,"href":"https:\/\/nucleopaf.com.br\/index.php?rest_route=\/wp\/v2\/pages\/38\/revisions"}],"predecessor-version":[{"id":609,"href":"https:\/\/nucleopaf.com.br\/index.php?rest_route=\/wp\/v2\/pages\/38\/revisions\/609"}],"wp:attachment":[{"href":"https:\/\/nucleopaf.com.br\/index.php?rest_route=%2Fwp%2Fv2%2Fmedia&parent=38"}],"curies":[{"name":"wp","href":"https:\/\/api.w.org\/{rel}","templated":true}]}}