{"id":3,"date":"2021-09-16T08:08:33","date_gmt":"2021-09-16T11:08:33","guid":{"rendered":"http:\/\/nucleopaf.com.br\/?page_id=3"},"modified":"2021-10-07T01:04:12","modified_gmt":"2021-10-07T04:04:12","slug":"politica-de-privacidade","status":"publish","type":"page","link":"https:\/\/nucleopaf.com.br\/?page_id=3","title":{"rendered":"Pol\u00edtica de privacidade"},"content":{"rendered":"\n<h2 class=\"wp-block-heading\">Quem somos<\/h2>\n\n\n\n<p>Somos o N\u00facleo Assistencial Esp\u00edrita &#8211; Paz, Amor e Fraternidade.<br>Este \u00e9 o endere\u00e7o do nosso site: <a rel=\"noreferrer noopener\" href=\"https:\/\/nucleopaf.com.br\" target=\"_blank\">https:\/\/nucleopaf.com.br<\/a><br>E este \u00e9 o endere\u00e7o do nosso canal no youtube: <a rel=\"noreferrer noopener\" href=\"https:\/\/www.youtube.com\/c\/NucleoPAF\" target=\"_blank\">https:\/\/www.youtube.com\/c\/NucleoPAF<\/a><\/p>\n\n\n\n<h2 class=\"wp-block-heading\">Coment\u00e1rios<\/h2>\n\n\n\n<p>Quando um visitante entra em nosso site, coletamos os dados que ele envia por meio de nossos formul\u00e1rios, al\u00e9m do endere\u00e7o de IP e dados do navegador do visitante com o intuito de reduzir o recebimento de spam.<\/p>\n\n\n\n<p>N\u00e3o permitimos coment\u00e1rios em nossos sites, caso tenha interesse em nos contatar, basta acessar o menu Sobre &gt; Ouvidoria, ou enviar um e-mail para <a href=\"mailto:nucleopaf@nucleopaf.com.br\" target=\"_blank\" rel=\"noreferrer noopener\">nucleopaf@nucleopaf.com.br<\/a>.<\/p>\n\n\n\n<p>Depois que nos enviar sua mensagem, poderemos entrar em contato para que possamos obter mais detalhes a respeito de sua necessidade.<\/p>\n\n\n\n<h2 class=\"wp-block-heading\">M\u00eddia<\/h2>\n\n\n\n<p>Compartilhamos em nosso site algumas mensagens, fotos, v\u00eddeos, frases, imagens e tudo mais que seja poss\u00edvel. Caso algum deste conte\u00fado lhe cause estranheza, incomodo ou mesmo fira algum direito seu, basta enviar um e-mail para nucleopaf@nucleopaf.com.br explicando a situa\u00e7\u00e3o que daremos total aten\u00e7\u00e3o para o seu pedido.<\/p>\n\n\n\n<h2 class=\"wp-block-heading\">Cookies<\/h2>\n\n\n\n<p>Ao preencher nossos formul\u00e1rios pelo site, voc\u00ea poder\u00e1 optar por salvar seu nome, e-mail e outros dados nos cookies. Isso visa seu conforto, assim voc\u00ea n\u00e3o precisar\u00e1 preencher seus  dados novamente quando fizer outro envio. Estes cookies duram um ano.<\/p>\n\n\n\n<p>Se voc\u00ea tem uma conta no wordpress e acessa este site, um cookie tempor\u00e1rio ser\u00e1 criado para determinar se seu navegador aceita cookies. Ele n\u00e3o cont\u00e9m nenhum dado pessoal e ser\u00e1 descartado quando voc\u00ea fechar seu navegador.<\/p>\n\n\n\n<p>Caso voc\u00ea seja trabalhador de nossa casa, tamb\u00e9m criamos alguns cookies para quando voc\u00ea acessa sua conta no site, salvando os dados da sua conta e suas escolhas de exibi\u00e7\u00e3o de tela. Cookies de login s\u00e3o mantidos por dois dias e cookies de op\u00e7\u00f5es de tela por um ano. Se voc\u00ea selecionar &#8220;Lembrar-me&#8221;, seu acesso ser\u00e1 mantido por duas semanas. Se voc\u00ea se desconectar da sua conta, os cookies de login ser\u00e3o removidos.<\/p>\n\n\n\n<p>Caso seja um colaborador de nosso site, ao editar ou publicar um artigo, um cookie adicional ser\u00e1 salvo no seu navegador. Este cookie n\u00e3o inclui nenhum dado pessoal e simplesmente indica o ID do post referente ao artigo que voc\u00ea acabou de editar. Ele expira depois de 1 dia.<\/p>\n\n\n\n<h2 class=\"wp-block-heading\">M\u00eddia incorporada de outros sites<\/h2>\n\n\n\n<p>\u00c9 poss\u00edvel que ao longo do tempo passamos a incorporar algum conte\u00fado de outro site, neste caso, indicaremos, mas \u00e9 importante saber que:<\/p>\n\n\n\n<p>Artigos neste site podem incluir conte\u00fado incorporado como, por exemplo, v\u00eddeos, imagens, artigos, etc. Conte\u00fados incorporados de outros sites se comportam exatamente da mesma forma como se o visitante estivesse visitando o outro site.<\/p>\n\n\n\n<p>Estes sites podem coletar dados sobre voc\u00ea, usar cookies, incorporar rastreamento adicional de terceiros e monitorar sua intera\u00e7\u00e3o com este conte\u00fado incorporado, incluindo sua intera\u00e7\u00e3o com o conte\u00fado incorporado se voc\u00ea tem uma conta e est\u00e1 conectado com o site.<\/p>\n\n\n\n<h2 class=\"wp-block-heading\">Com quem compartilhamos seus dados<\/h2>\n\n\n\n<p>Ao enviar um pedido para receber nossas newsletter, compartilharemos seu e-mail com a equipe respons\u00e1vel pela produ\u00e7\u00e3o deste conte\u00fado. Ser\u00e3o volunt\u00e1rio de nossa casa que ter\u00e3o ali a responsabilidade por lhe enviar a mensagem produzida para aquele fim. Nesta mensagem dever\u00e1 constar os passos para se descadastrar, caso queira.<\/p>\n\n\n\n<p>Enviando uma mensagem pelo formul\u00e1rio da ouvidoria, sua mensagem chegar\u00e1 ao administrador do site que analisar\u00e1 e encaminhar\u00e1 a mensagem para a diretoria de nossa casa. Eles dar\u00e3o o devido encaminhamento em sua solicita\u00e7\u00e3o.<\/p>\n\n\n\n<h2 class=\"wp-block-heading\">Por quanto tempo mantemos os seus dados<\/h2>\n\n\n\n<p>Ao se cadastrar para receber nossa newsletter, seu e-mail ficar\u00e1 conosco indefinidamente ou at\u00e9 que voc\u00ea nos informe que n\u00e3o deseja mais receber tais mensagens.<\/p>\n\n\n\n<p>Caso envie mensagens pelo formul\u00e1rio de Ouvidoria, sua mensagem receber\u00e1 o devido encaminhamento e ficar\u00e1 armazenada em nosso servidor de e-mail indefinidamente.<\/p>\n\n\n\n<p>Caso voc\u00ea seja volunt\u00e1rio em nossa casa ou colaborador de nosso site, guardaremos suas informa\u00e7\u00f5es pessoais que identifiquem seu perfil de usu\u00e1rio e formas de contato. Essas informa\u00e7\u00f5es estar\u00e3o \u00e0 disposi\u00e7\u00e3o da diretoria de nossa casa, do administrador do site e do propriet\u00e1rio dos dados, para que as mantenha sempre atualizadas.<\/p>\n\n\n\n<h2 class=\"wp-block-heading\">Quais os seus direitos sobre seus dados<\/h2>\n\n\n\n<p>A qualquer momento voc\u00ea pode solicitar um arquivo exportado dos dados pessoais que mantemos sobre voc\u00ea, inclusive quaisquer dados que voc\u00ea nos tenha fornecido. Tamb\u00e9m pode solicitar que removamos qualquer dado pessoal que mantemos sobre voc\u00ea. Isto n\u00e3o inclui nenhum dado que somos obrigados a manter para prop\u00f3sitos administrativos, legais ou de seguran\u00e7a.<\/p>\n\n\n\n<h2 class=\"wp-block-heading\">Para onde enviamos seus dados<\/h2>\n\n\n\n<p>Seus dados n\u00e3o ser\u00e3o enviados para nenhuma empresa terceira, no entanto, voc\u00ea poder\u00e1 receber mensagens nossas por meio de ferramentas de spam, indicando que alguma mensagem que nos tenha enviado n\u00e3o tenha chegado da maneira correta. Fique tranquilo, pois se trata apenas de uma mensagem autom\u00e1tica detalhando um problema de sistema. Isto n\u00e3o exp\u00f5em seus dados e muito menos o conte\u00fado, diz somente que sua mensagem talvez n\u00e3o tenha chegado para n\u00f3s.<\/p>\n","protected":false},"excerpt":{"rendered":"<p>Quem somos Somos o N\u00facleo Assistencial Esp\u00edrita &#8211; Paz, Amor e Fraternidade.Este \u00e9 o endere\u00e7o do nosso site: https:\/\/nucleopaf.com.brE este \u00e9 o endere\u00e7o do nosso&hellip;<\/p>\n","protected":false},"author":1,"featured_media":0,"parent":0,"menu_order":0,"comment_status":"closed","ping_status":"open","template":"","meta":{"footnotes":""},"class_list":["post-3","page","type-page","status-publish","hentry"],"_links":{"self":[{"href":"https:\/\/nucleopaf.com.br\/index.php?rest_route=\/wp\/v2\/pages\/3","targetHints":{"allow":["GET"]}}],"collection":[{"href":"https:\/\/nucleopaf.com.br\/index.php?rest_route=\/wp\/v2\/pages"}],"about":[{"href":"https:\/\/nucleopaf.com.br\/index.php?rest_route=\/wp\/v2\/types\/page"}],"author":[{"embeddable":true,"href":"https:\/\/nucleopaf.com.br\/index.php?rest_route=\/wp\/v2\/users\/1"}],"replies":[{"embeddable":true,"href":"https:\/\/nucleopaf.com.br\/index.php?rest_route=%2Fwp%2Fv2%2Fcomments&post=3"}],"version-history":[{"count":4,"href":"https:\/\/nucleopaf.com.br\/index.php?rest_route=\/wp\/v2\/pages\/3\/revisions"}],"predecessor-version":[{"id":761,"href":"https:\/\/nucleopaf.com.br\/index.php?rest_route=\/wp\/v2\/pages\/3\/revisions\/761"}],"wp:attachment":[{"href":"https:\/\/nucleopaf.com.br\/index.php?rest_route=%2Fwp%2Fv2%2Fmedia&parent=3"}],"curies":[{"name":"wp","href":"https:\/\/api.w.org\/{rel}","templated":true}]}}