{"id":114,"date":"2021-09-21T16:07:27","date_gmt":"2021-09-21T19:07:27","guid":{"rendered":"http:\/\/nucleopaf.com.br\/?page_id=114"},"modified":"2021-09-27T10:38:30","modified_gmt":"2021-09-27T13:38:30","slug":"ouvidoria","status":"publish","type":"page","link":"https:\/\/nucleopaf.com.br\/?page_id=114","title":{"rendered":"Ouvidoria"},"content":{"rendered":"\n<p>Envie suas solicita\u00e7\u00f5es por meio deste formul\u00e1rio.<br>Sua mensagem ser\u00e1 tratada com sigilo, mas caso haja necessidade, entraremos em contato para esclarecer poss\u00edveis d\u00favidas.<\/p>\n\n\n","protected":false},"excerpt":{"rendered":"<p>Envie suas solicita\u00e7\u00f5es por meio deste formul\u00e1rio.Sua mensagem ser\u00e1 tratada com sigilo, mas caso haja necessidade, entraremos em contato para esclarecer poss\u00edveis d\u00favidas.<\/p>\n","protected":false},"author":1,"featured_media":0,"parent":0,"menu_order":0,"comment_status":"closed","ping_status":"closed","template":"","meta":{"footnotes":""},"class_list":["post-114","page","type-page","status-publish","hentry"],"_links":{"self":[{"href":"https:\/\/nucleopaf.com.br\/index.php?rest_route=\/wp\/v2\/pages\/114","targetHints":{"allow":["GET"]}}],"collection":[{"href":"https:\/\/nucleopaf.com.br\/index.php?rest_route=\/wp\/v2\/pages"}],"about":[{"href":"https:\/\/nucleopaf.com.br\/index.php?rest_route=\/wp\/v2\/types\/page"}],"author":[{"embeddable":true,"href":"https:\/\/nucleopaf.com.br\/index.php?rest_route=\/wp\/v2\/users\/1"}],"replies":[{"embeddable":true,"href":"https:\/\/nucleopaf.com.br\/index.php?rest_route=%2Fwp%2Fv2%2Fcomments&post=114"}],"version-history":[{"count":3,"href":"https:\/\/nucleopaf.com.br\/index.php?rest_route=\/wp\/v2\/pages\/114\/revisions"}],"predecessor-version":[{"id":521,"href":"https:\/\/nucleopaf.com.br\/index.php?rest_route=\/wp\/v2\/pages\/114\/revisions\/521"}],"wp:attachment":[{"href":"https:\/\/nucleopaf.com.br\/index.php?rest_route=%2Fwp%2Fv2%2Fmedia&parent=114"}],"curies":[{"name":"wp","href":"https:\/\/api.w.org\/{rel}","templated":true}]}}