{"id":112,"date":"2021-09-21T16:07:27","date_gmt":"2021-09-21T19:07:27","guid":{"rendered":"http:\/\/nucleopaf.com.br\/?page_id=112"},"modified":"2021-09-29T00:45:49","modified_gmt":"2021-09-29T03:45:49","slug":"o-nucleo","status":"publish","type":"page","link":"https:\/\/nucleopaf.com.br\/?page_id=112","title":{"rendered":"N\u00facleo Assistencial Esp\u00edrita &#8211; Paz, Amor e Fraternidade"},"content":{"rendered":"\n<p>Os objetivos do N\u00facleo est\u00e3o expl\u00edcitos nos seus Estatutos \u2013 Cap\u00edtulo I, conforme abaixo:<\/p>\n\n\n\n<p>a) Vivenciar, na forma, na pr\u00e1tica e na teoria, os ensinamentos esp\u00edritas em seu tr\u00edplice aspecto: filos\u00f3fico, cient\u00edfico e religioso, com base nas obras da Codifica\u00e7\u00e3o Doutrin\u00e1ria Esp\u00edrita realizada por Allan Kardec.<\/p>\n\n\n\n<p>b) A evangeliza\u00e7\u00e3o do ser humano, conforme preceitua o \u201cEvangelho Segundo o Espiritismo\u201d.<\/p>\n\n\n\n<p>c) A atua\u00e7\u00e3o na \u00e1rea de assist\u00eancia social, a pr\u00e1tica da caridade como dever social e princ\u00edpio da moral crist\u00e3 e como exerc\u00edcio pleno da solidariedade e respeito ao pr\u00f3ximo, sem distin\u00e7\u00e3o de ra\u00e7a, cor, sexo, idade, religi\u00e3o ou qualquer outra forma de discrimina\u00e7\u00e3o.<\/p>\n","protected":false},"excerpt":{"rendered":"<p>Os objetivos do N\u00facleo est\u00e3o expl\u00edcitos nos seus Estatutos \u2013 Cap\u00edtulo I, conforme abaixo: a) Vivenciar, na forma, na pr\u00e1tica e na teoria, os ensinamentos&hellip;<\/p>\n","protected":false},"author":1,"featured_media":0,"parent":0,"menu_order":0,"comment_status":"closed","ping_status":"closed","template":"","meta":{"footnotes":""},"class_list":["post-112","page","type-page","status-publish","hentry"],"_links":{"self":[{"href":"https:\/\/nucleopaf.com.br\/index.php?rest_route=\/wp\/v2\/pages\/112","targetHints":{"allow":["GET"]}}],"collection":[{"href":"https:\/\/nucleopaf.com.br\/index.php?rest_route=\/wp\/v2\/pages"}],"about":[{"href":"https:\/\/nucleopaf.com.br\/index.php?rest_route=\/wp\/v2\/types\/page"}],"author":[{"embeddable":true,"href":"https:\/\/nucleopaf.com.br\/index.php?rest_route=\/wp\/v2\/users\/1"}],"replies":[{"embeddable":true,"href":"https:\/\/nucleopaf.com.br\/index.php?rest_route=%2Fwp%2Fv2%2Fcomments&post=112"}],"version-history":[{"count":9,"href":"https:\/\/nucleopaf.com.br\/index.php?rest_route=\/wp\/v2\/pages\/112\/revisions"}],"predecessor-version":[{"id":614,"href":"https:\/\/nucleopaf.com.br\/index.php?rest_route=\/wp\/v2\/pages\/112\/revisions\/614"}],"wp:attachment":[{"href":"https:\/\/nucleopaf.com.br\/index.php?rest_route=%2Fwp%2Fv2%2Fmedia&parent=112"}],"curies":[{"name":"wp","href":"https:\/\/api.w.org\/{rel}","templated":true}]}}